{"id":3191,"date":"2015-04-30T17:59:17","date_gmt":"2015-04-30T15:59:17","guid":{"rendered":"http:\/\/www.megabloc.de\/?page_id=3191"},"modified":"2016-03-03T09:40:46","modified_gmt":"2016-03-03T08:40:46","slug":"megabloc-60-cm-wide","status":"publish","type":"page","link":"https:\/\/www.megabloc.de\/en\/products\/megabloc-60-cm-wide\/","title":{"rendered":"MEGABLOC 60 cm wide"},"content":{"rendered":"<div class=\"wpb-content-wrapper\"><p>[vc_row][vc_column width=&#8221;1\/2&#8243;][vc_column_text]<\/p>\n<h2>Serie MB Super<\/h2>\n<p><a href=\"https:\/\/www.megabloc.de\/en\/products\/megabloc-60-cm-wide\/series-mb-super\/\">Stark f\u00fcr alle Anwendungen <\/a><a href=\"https:\/\/www.megabloc.de\/en\/products\/megabloc-60-cm-wide\/series-mb-super\/\">Zu den Produktdetails&#8230;<\/a>[\/vc_column_text][\/vc_column][vc_column width=&#8221;1\/2&#8243;][vc_column_text]<\/p>\n<h3>Serie MB Standard<\/h3>\n<p><a href=\"https:\/\/www.megabloc.de\/produkte\/megabloc-60-cm-breit\/serie-mb-standard\/\">Hervorragend f\u00fcr stumpf gesto\u00dfene und f\u00fcr leicht gekr\u00fcmmte W\u00e4nde<\/a> [\/vc_column_text][\/vc_column][\/vc_row][vc_row][vc_column width=&#8221;1\/2&#8243;][vc_gallery type=&#8221;image_grid&#8221; interval=&#8221;3&#8243; images=&#8221;1415&#8243; onclick=&#8221;link_image&#8221; custom_links_target=&#8221;_self&#8221; img_size=&#8221;525&#215;200&#8243;][\/vc_column][vc_column width=&#8221;1\/2&#8243;][vc_gallery type=&#8221;image_grid&#8221; interval=&#8221;3&#8243; images=&#8221;1426&#8243; onclick=&#8221;link_image&#8221; custom_links_target=&#8221;_self&#8221; img_size=&#8221;525&#215;200&#8243;][\/vc_column][\/vc_row][vc_row][vc_column width=&#8221;1\/1&#8243; css=&#8221;.vc_custom_1432739719139{margin-top: 40px !important;margin-bottom: 40px !important;}&#8221;][vc_separator color=&#8221;grey&#8221; align=&#8221;align_center&#8221; style=&#8221;dashed&#8221;][\/vc_column][\/vc_row][vc_row][vc_column width=&#8221;1\/2&#8243;][vc_column_text]<\/p>\n<h3>Serie MB Allround<\/h3>\n<p><a href=\"https:\/\/www.megabloc.de\/en\/products\/megabloc-60-cm-wide\/series-mb-allround\/\">Universell f\u00fcr die Einbindung von Pfosten, Tr\u00e4gern sowie mehrerer Lagen<\/a>[\/vc_column_text][\/vc_column][vc_column width=&#8221;1\/2&#8243;][vc_column_text]<\/p>\n<h3>Serie MB Top<\/h3>\n<p><a href=\"https:\/\/www.megabloc.de\/en\/products\/megabloc-60-cm-wide\/series-mb-top\/\">Ideal f\u00fcr den exakten Anschluss von Wandecken<\/a>[\/vc_column_text][\/vc_column][\/vc_row][vc_row][vc_column width=&#8221;1\/2&#8243;][vc_gallery type=&#8221;image_grid&#8221; interval=&#8221;3&#8243; images=&#8221;1430&#8243; onclick=&#8221;link_image&#8221; custom_links_target=&#8221;_self&#8221; img_size=&#8221;525&#215;200&#8243;][\/vc_column][vc_column width=&#8221;1\/2&#8243;][vc_gallery type=&#8221;image_grid&#8221; interval=&#8221;3&#8243; images=&#8221;1435&#8243; onclick=&#8221;link_image&#8221; custom_links_target=&#8221;_self&#8221; img_size=&#8221;525&#215;200&#8243;][\/vc_column][\/vc_row][vc_row][vc_column width=&#8221;1\/1&#8243; css=&#8221;.vc_custom_1432739728014{margin-top: 40px !important;margin-bottom: 40px !important;}&#8221;][vc_separator color=&#8221;grey&#8221; align=&#8221;align_center&#8221; style=&#8221;dashed&#8221;][\/vc_column][\/vc_row]<\/p>\n<\/div>","protected":false},"excerpt":{"rendered":"<p>[vc_row][vc_column width=&#8221;1\/2&#8243;][vc_column_text] Serie MB Super Stark f\u00fcr alle Anwendungen Zu den Produktdetails&#8230;[\/vc_column_text][\/vc_column][vc_column width=&#8221;1\/2&#8243;][vc_column_text] Serie MB Standard Hervorragend f\u00fcr stumpf gesto\u00dfene und f\u00fcr leicht gekr\u00fcmmte W\u00e4nde [\/vc_column_text][\/vc_column][\/vc_row][vc_row][vc_column<span class=\"excerpt-hellip\"> [\u2026]<\/span><\/p>\n","protected":false},"author":3,"featured_media":0,"parent":3373,"menu_order":0,"comment_status":"closed","ping_status":"open","template":"","meta":{"footnotes":""},"class_list":["post-3191","page","type-page","status-publish","hentry"],"yoast_head":"<!-- This site is optimized with the Yoast SEO plugin v27.3 - https:\/\/yoast.com\/product\/yoast-seo-wordpress\/ -->\n<title>MEGABLOC 60 cm wide - MEGABLOC<\/title>\n<meta name=\"robots\" content=\"index, follow, max-snippet:-1, max-image-preview:large, max-video-preview:-1\" \/>\n<link rel=\"canonical\" href=\"https:\/\/www.megabloc.de\/en\/products\/megabloc-60-cm-wide\/\" \/>\n<meta property=\"og:locale\" content=\"en_US\" \/>\n<meta property=\"og:type\" content=\"article\" \/>\n<meta property=\"og:title\" content=\"MEGABLOC 60 cm wide - MEGABLOC\" \/>\n<meta property=\"og:description\" content=\"[vc_row][vc_column width=&#8221;1\/2&#8243;][vc_column_text] Serie MB Super Stark f\u00fcr alle Anwendungen Zu den Produktdetails&#8230;[\/vc_column_text][\/vc_column][vc_column width=&#8221;1\/2&#8243;][vc_column_text] Serie MB Standard Hervorragend f\u00fcr stumpf gesto\u00dfene und f\u00fcr leicht gekr\u00fcmmte W\u00e4nde [\/vc_column_text][\/vc_column][\/vc_row][vc_row][vc_column [\u2026]\" \/>\n<meta property=\"og:url\" content=\"https:\/\/www.megabloc.de\/en\/products\/megabloc-60-cm-wide\/\" \/>\n<meta property=\"og:site_name\" content=\"MEGABLOC\" \/>\n<meta property=\"article:modified_time\" content=\"2016-03-03T08:40:46+00:00\" \/>\n<meta name=\"twitter:card\" content=\"summary_large_image\" \/>\n<meta name=\"twitter:label1\" content=\"Est. reading time\" \/>\n\t<meta name=\"twitter:data1\" content=\"1 minute\" \/>\n<script type=\"application\/ld+json\" class=\"yoast-schema-graph\">{\"@context\":\"https:\\\/\\\/schema.org\",\"@graph\":[{\"@type\":\"WebPage\",\"@id\":\"https:\\\/\\\/www.megabloc.de\\\/en\\\/products\\\/megabloc-60-cm-wide\\\/\",\"url\":\"https:\\\/\\\/www.megabloc.de\\\/en\\\/products\\\/megabloc-60-cm-wide\\\/\",\"name\":\"MEGABLOC 60 cm wide - MEGABLOC\",\"isPartOf\":{\"@id\":\"https:\\\/\\\/www.megabloc.de\\\/en\\\/#website\"},\"datePublished\":\"2015-04-30T15:59:17+00:00\",\"dateModified\":\"2016-03-03T08:40:46+00:00\",\"breadcrumb\":{\"@id\":\"https:\\\/\\\/www.megabloc.de\\\/en\\\/products\\\/megabloc-60-cm-wide\\\/#breadcrumb\"},\"inLanguage\":\"en-US\",\"potentialAction\":[{\"@type\":\"ReadAction\",\"target\":[\"https:\\\/\\\/www.megabloc.de\\\/en\\\/products\\\/megabloc-60-cm-wide\\\/\"]}]},{\"@type\":\"BreadcrumbList\",\"@id\":\"https:\\\/\\\/www.megabloc.de\\\/en\\\/products\\\/megabloc-60-cm-wide\\\/#breadcrumb\",\"itemListElement\":[{\"@type\":\"ListItem\",\"position\":1,\"name\":\"Home\",\"item\":\"https:\\\/\\\/www.megabloc.de\\\/en\\\/\"},{\"@type\":\"ListItem\",\"position\":2,\"name\":\"PRODUCTS\",\"item\":\"https:\\\/\\\/www.megabloc.de\\\/en\\\/products\\\/\"},{\"@type\":\"ListItem\",\"position\":3,\"name\":\"MEGABLOC 60 cm wide\"}]},{\"@type\":\"WebSite\",\"@id\":\"https:\\\/\\\/www.megabloc.de\\\/en\\\/#website\",\"url\":\"https:\\\/\\\/www.megabloc.de\\\/en\\\/\",\"name\":\"MEGABLOC\",\"description\":\"Das original Betontrennwandsystem\",\"potentialAction\":[{\"@type\":\"SearchAction\",\"target\":{\"@type\":\"EntryPoint\",\"urlTemplate\":\"https:\\\/\\\/www.megabloc.de\\\/en\\\/?s={search_term_string}\"},\"query-input\":{\"@type\":\"PropertyValueSpecification\",\"valueRequired\":true,\"valueName\":\"search_term_string\"}}],\"inLanguage\":\"en-US\"}]}<\/script>\n<!-- \/ Yoast SEO plugin. -->","yoast_head_json":{"title":"MEGABLOC 60 cm wide - MEGABLOC","robots":{"index":"index","follow":"follow","max-snippet":"max-snippet:-1","max-image-preview":"max-image-preview:large","max-video-preview":"max-video-preview:-1"},"canonical":"https:\/\/www.megabloc.de\/en\/products\/megabloc-60-cm-wide\/","og_locale":"en_US","og_type":"article","og_title":"MEGABLOC 60 cm wide - MEGABLOC","og_description":"[vc_row][vc_column width=&#8221;1\/2&#8243;][vc_column_text] Serie MB Super Stark f\u00fcr alle Anwendungen Zu den Produktdetails&#8230;[\/vc_column_text][\/vc_column][vc_column width=&#8221;1\/2&#8243;][vc_column_text] Serie MB Standard Hervorragend f\u00fcr stumpf gesto\u00dfene und f\u00fcr leicht gekr\u00fcmmte W\u00e4nde [\/vc_column_text][\/vc_column][\/vc_row][vc_row][vc_column [\u2026]","og_url":"https:\/\/www.megabloc.de\/en\/products\/megabloc-60-cm-wide\/","og_site_name":"MEGABLOC","article_modified_time":"2016-03-03T08:40:46+00:00","twitter_card":"summary_large_image","twitter_misc":{"Est. reading time":"1 minute"},"schema":{"@context":"https:\/\/schema.org","@graph":[{"@type":"WebPage","@id":"https:\/\/www.megabloc.de\/en\/products\/megabloc-60-cm-wide\/","url":"https:\/\/www.megabloc.de\/en\/products\/megabloc-60-cm-wide\/","name":"MEGABLOC 60 cm wide - MEGABLOC","isPartOf":{"@id":"https:\/\/www.megabloc.de\/en\/#website"},"datePublished":"2015-04-30T15:59:17+00:00","dateModified":"2016-03-03T08:40:46+00:00","breadcrumb":{"@id":"https:\/\/www.megabloc.de\/en\/products\/megabloc-60-cm-wide\/#breadcrumb"},"inLanguage":"en-US","potentialAction":[{"@type":"ReadAction","target":["https:\/\/www.megabloc.de\/en\/products\/megabloc-60-cm-wide\/"]}]},{"@type":"BreadcrumbList","@id":"https:\/\/www.megabloc.de\/en\/products\/megabloc-60-cm-wide\/#breadcrumb","itemListElement":[{"@type":"ListItem","position":1,"name":"Home","item":"https:\/\/www.megabloc.de\/en\/"},{"@type":"ListItem","position":2,"name":"PRODUCTS","item":"https:\/\/www.megabloc.de\/en\/products\/"},{"@type":"ListItem","position":3,"name":"MEGABLOC 60 cm wide"}]},{"@type":"WebSite","@id":"https:\/\/www.megabloc.de\/en\/#website","url":"https:\/\/www.megabloc.de\/en\/","name":"MEGABLOC","description":"Das original Betontrennwandsystem","potentialAction":[{"@type":"SearchAction","target":{"@type":"EntryPoint","urlTemplate":"https:\/\/www.megabloc.de\/en\/?s={search_term_string}"},"query-input":{"@type":"PropertyValueSpecification","valueRequired":true,"valueName":"search_term_string"}}],"inLanguage":"en-US"}]}},"_links":{"self":[{"href":"https:\/\/www.megabloc.de\/en\/wp-json\/wp\/v2\/pages\/3191","targetHints":{"allow":["GET"]}}],"collection":[{"href":"https:\/\/www.megabloc.de\/en\/wp-json\/wp\/v2\/pages"}],"about":[{"href":"https:\/\/www.megabloc.de\/en\/wp-json\/wp\/v2\/types\/page"}],"author":[{"embeddable":true,"href":"https:\/\/www.megabloc.de\/en\/wp-json\/wp\/v2\/users\/3"}],"replies":[{"embeddable":true,"href":"https:\/\/www.megabloc.de\/en\/wp-json\/wp\/v2\/comments?post=3191"}],"version-history":[{"count":1,"href":"https:\/\/www.megabloc.de\/en\/wp-json\/wp\/v2\/pages\/3191\/revisions"}],"predecessor-version":[{"id":3192,"href":"https:\/\/www.megabloc.de\/en\/wp-json\/wp\/v2\/pages\/3191\/revisions\/3192"}],"up":[{"embeddable":true,"href":"https:\/\/www.megabloc.de\/en\/wp-json\/wp\/v2\/pages\/3373"}],"wp:attachment":[{"href":"https:\/\/www.megabloc.de\/en\/wp-json\/wp\/v2\/media?parent=3191"}],"curies":[{"name":"wp","href":"https:\/\/api.w.org\/{rel}","templated":true}]}}