{"id":2888,"date":"2015-04-30T17:56:05","date_gmt":"2015-04-30T15:56:05","guid":{"rendered":"http:\/\/www.megabloc.de\/?page_id=2888"},"modified":"2016-02-03T09:27:38","modified_gmt":"2016-02-03T08:27:38","slug":"produits","status":"publish","type":"page","link":"https:\/\/www.megabloc.de\/fr\/produits\/","title":{"rendered":"PRODUITS"},"content":{"rendered":"<div class=\"wpb-content-wrapper\"><p>[vc_row][vc_column][vc_column_text]<\/p>\n<h2>MEGABLOC &#8211; Bloc en b\u00e9ton pour s\u00e9paration<\/h2>\n<h2>Pr\u00e9sentation de produits<\/h2>\n<p>[\/vc_column_text][vc_column_text]<\/p>\n<h3>G\u00e9nie de stockage: modulable, polyvalent, stable<\/h3>\n<p>Un bloc, des possibilit\u00e9s infinies. Quelles que soient les mat\u00e9riaux que vous aimeriez s\u00e9parer, stocker, ranger ou prot\u00e9ger, avec Megabloc tout devient jeu d&rsquo;enfant.\u00a0Car le MEGABLOC est parfaitement et simplement empilable en tr\u00e8s peu de temps. M\u00eame de grandes hauteurs sont possibles &#8211; avec la plus grande stabilit\u00e9 grace \u00e0 la technique tenon\/ mortaise. Les \u00e9l\u00e9ments de construction massifs, pesant des tonnes, n&rsquo;ont besoin d&rsquo;aucune autre fixation ni de mortier.\u00a0Une transformation est faite rapidement et \u00e9conomiquement. Et &#8211; si un jour vous n&rsquo;avez plus besoin des murs &#8211; pas de probl\u00e8me: d\u00e9montez les blocs facilement et stockez-les en \u00e9conomisant de l&rsquo;espace. . Vos avantages: pas de r\u00e9sidus, pas de gravats de d\u00e9molition, pas de travaux pour la remise au rebut.[\/vc_column_text][\/vc_column][\/vc_row][vc_row][vc_column width=\u00a0\u00bb1\/3&Prime;][vc_column_text]<\/p>\n<h2><a href=\"https:\/\/www.megabloc.de\/fr\/produits\/megabloc-60-cm-de-large\/\">MEGABLOC 60cm de large<\/a><\/h2>\n<p>[\/vc_column_text][\/vc_column][vc_column width=\u00a0\u00bb1\/3&Prime;][vc_column_text]<\/p>\n<h2><a href=\"https:\/\/www.megabloc.de\/fr\/produits\/megabloc-40-cm-de-large\/\">MEGABLOC 40cm de large <\/a><\/h2>\n<p>[\/vc_column_text][\/vc_column][vc_column width=\u00a0\u00bb1\/3&Prime;][vc_column_text]<\/p>\n<h2><a href=\"https:\/\/www.megabloc.de\/fr\/produits\/megabloc-avec-structures-de-surface-ou-couleur\/\">MEGABLOC avec structure ou couleur<\/a><\/h2>\n<p>[\/vc_column_text][\/vc_column][\/vc_row]<\/p>\n<\/div>","protected":false},"excerpt":{"rendered":"<p>[vc_row][vc_column][vc_column_text] MEGABLOC &#8211; Bloc en b\u00e9ton pour s\u00e9paration Pr\u00e9sentation de produits [\/vc_column_text][vc_column_text] G\u00e9nie de stockage: modulable, polyvalent, stable Un bloc, des possibilit\u00e9s infinies. Quelles que soient<span class=\"excerpt-hellip\"> [\u2026]<\/span><\/p>\n","protected":false},"author":3,"featured_media":0,"parent":0,"menu_order":0,"comment_status":"closed","ping_status":"open","template":"","meta":{"footnotes":""},"class_list":["post-2888","page","type-page","status-publish","hentry"],"yoast_head":"<!-- This site is optimized with the Yoast SEO plugin v27.4 - https:\/\/yoast.com\/product\/yoast-seo-wordpress\/ -->\n<title>PRODUITS - MEGABLOC<\/title>\n<meta name=\"robots\" content=\"index, follow, max-snippet:-1, max-image-preview:large, max-video-preview:-1\" \/>\n<link rel=\"canonical\" href=\"https:\/\/www.megabloc.de\/fr\/produits\/\" \/>\n<meta property=\"og:locale\" content=\"fr_FR\" \/>\n<meta property=\"og:type\" content=\"article\" \/>\n<meta property=\"og:title\" content=\"PRODUITS - MEGABLOC\" \/>\n<meta property=\"og:description\" content=\"[vc_row][vc_column][vc_column_text] MEGABLOC &#8211; Bloc en b\u00e9ton pour s\u00e9paration Pr\u00e9sentation de produits [\/vc_column_text][vc_column_text] G\u00e9nie de stockage: modulable, polyvalent, stable Un bloc, des possibilit\u00e9s infinies. Quelles que soient [\u2026]\" \/>\n<meta property=\"og:url\" content=\"https:\/\/www.megabloc.de\/fr\/produits\/\" \/>\n<meta property=\"og:site_name\" content=\"MEGABLOC\" \/>\n<meta property=\"article:modified_time\" content=\"2016-02-03T08:27:38+00:00\" \/>\n<meta name=\"twitter:card\" content=\"summary_large_image\" \/>\n<meta name=\"twitter:label1\" content=\"Dur\u00e9e de lecture estim\u00e9e\" \/>\n\t<meta name=\"twitter:data1\" content=\"1 minute\" \/>\n<script type=\"application\/ld+json\" class=\"yoast-schema-graph\">{\"@context\":\"https:\\\/\\\/schema.org\",\"@graph\":[{\"@type\":\"WebPage\",\"@id\":\"https:\\\/\\\/www.megabloc.de\\\/fr\\\/produits\\\/\",\"url\":\"https:\\\/\\\/www.megabloc.de\\\/fr\\\/produits\\\/\",\"name\":\"PRODUITS - MEGABLOC\",\"isPartOf\":{\"@id\":\"https:\\\/\\\/www.megabloc.de\\\/fr\\\/#website\"},\"datePublished\":\"2015-04-30T15:56:05+00:00\",\"dateModified\":\"2016-02-03T08:27:38+00:00\",\"breadcrumb\":{\"@id\":\"https:\\\/\\\/www.megabloc.de\\\/fr\\\/produits\\\/#breadcrumb\"},\"inLanguage\":\"fr-FR\",\"potentialAction\":[{\"@type\":\"ReadAction\",\"target\":[\"https:\\\/\\\/www.megabloc.de\\\/fr\\\/produits\\\/\"]}]},{\"@type\":\"BreadcrumbList\",\"@id\":\"https:\\\/\\\/www.megabloc.de\\\/fr\\\/produits\\\/#breadcrumb\",\"itemListElement\":[{\"@type\":\"ListItem\",\"position\":1,\"name\":\"Home\",\"item\":\"https:\\\/\\\/www.megabloc.de\\\/fr\\\/\"},{\"@type\":\"ListItem\",\"position\":2,\"name\":\"PRODUITS\"}]},{\"@type\":\"WebSite\",\"@id\":\"https:\\\/\\\/www.megabloc.de\\\/fr\\\/#website\",\"url\":\"https:\\\/\\\/www.megabloc.de\\\/fr\\\/\",\"name\":\"MEGABLOC\",\"description\":\"BLOCS B\u00c9TON EMPILABLES: L'ORIGINAL\",\"potentialAction\":[{\"@type\":\"SearchAction\",\"target\":{\"@type\":\"EntryPoint\",\"urlTemplate\":\"https:\\\/\\\/www.megabloc.de\\\/fr\\\/?s={search_term_string}\"},\"query-input\":{\"@type\":\"PropertyValueSpecification\",\"valueRequired\":true,\"valueName\":\"search_term_string\"}}],\"inLanguage\":\"fr-FR\"}]}<\/script>\n<!-- \/ Yoast SEO plugin. -->","yoast_head_json":{"title":"PRODUITS - MEGABLOC","robots":{"index":"index","follow":"follow","max-snippet":"max-snippet:-1","max-image-preview":"max-image-preview:large","max-video-preview":"max-video-preview:-1"},"canonical":"https:\/\/www.megabloc.de\/fr\/produits\/","og_locale":"fr_FR","og_type":"article","og_title":"PRODUITS - MEGABLOC","og_description":"[vc_row][vc_column][vc_column_text] MEGABLOC &#8211; Bloc en b\u00e9ton pour s\u00e9paration Pr\u00e9sentation de produits [\/vc_column_text][vc_column_text] G\u00e9nie de stockage: modulable, polyvalent, stable Un bloc, des possibilit\u00e9s infinies. Quelles que soient [\u2026]","og_url":"https:\/\/www.megabloc.de\/fr\/produits\/","og_site_name":"MEGABLOC","article_modified_time":"2016-02-03T08:27:38+00:00","twitter_card":"summary_large_image","twitter_misc":{"Dur\u00e9e de lecture estim\u00e9e":"1 minute"},"schema":{"@context":"https:\/\/schema.org","@graph":[{"@type":"WebPage","@id":"https:\/\/www.megabloc.de\/fr\/produits\/","url":"https:\/\/www.megabloc.de\/fr\/produits\/","name":"PRODUITS - MEGABLOC","isPartOf":{"@id":"https:\/\/www.megabloc.de\/fr\/#website"},"datePublished":"2015-04-30T15:56:05+00:00","dateModified":"2016-02-03T08:27:38+00:00","breadcrumb":{"@id":"https:\/\/www.megabloc.de\/fr\/produits\/#breadcrumb"},"inLanguage":"fr-FR","potentialAction":[{"@type":"ReadAction","target":["https:\/\/www.megabloc.de\/fr\/produits\/"]}]},{"@type":"BreadcrumbList","@id":"https:\/\/www.megabloc.de\/fr\/produits\/#breadcrumb","itemListElement":[{"@type":"ListItem","position":1,"name":"Home","item":"https:\/\/www.megabloc.de\/fr\/"},{"@type":"ListItem","position":2,"name":"PRODUITS"}]},{"@type":"WebSite","@id":"https:\/\/www.megabloc.de\/fr\/#website","url":"https:\/\/www.megabloc.de\/fr\/","name":"MEGABLOC","description":"BLOCS B\u00c9TON EMPILABLES: L'ORIGINAL","potentialAction":[{"@type":"SearchAction","target":{"@type":"EntryPoint","urlTemplate":"https:\/\/www.megabloc.de\/fr\/?s={search_term_string}"},"query-input":{"@type":"PropertyValueSpecification","valueRequired":true,"valueName":"search_term_string"}}],"inLanguage":"fr-FR"}]}},"_links":{"self":[{"href":"https:\/\/www.megabloc.de\/fr\/wp-json\/wp\/v2\/pages\/2888","targetHints":{"allow":["GET"]}}],"collection":[{"href":"https:\/\/www.megabloc.de\/fr\/wp-json\/wp\/v2\/pages"}],"about":[{"href":"https:\/\/www.megabloc.de\/fr\/wp-json\/wp\/v2\/types\/page"}],"author":[{"embeddable":true,"href":"https:\/\/www.megabloc.de\/fr\/wp-json\/wp\/v2\/users\/3"}],"replies":[{"embeddable":true,"href":"https:\/\/www.megabloc.de\/fr\/wp-json\/wp\/v2\/comments?post=2888"}],"version-history":[{"count":4,"href":"https:\/\/www.megabloc.de\/fr\/wp-json\/wp\/v2\/pages\/2888\/revisions"}],"predecessor-version":[{"id":2970,"href":"https:\/\/www.megabloc.de\/fr\/wp-json\/wp\/v2\/pages\/2888\/revisions\/2970"}],"wp:attachment":[{"href":"https:\/\/www.megabloc.de\/fr\/wp-json\/wp\/v2\/media?parent=2888"}],"curies":[{"name":"wp","href":"https:\/\/api.w.org\/{rel}","templated":true}]}}