{"id":2890,"date":"2015-04-30T17:59:17","date_gmt":"2015-04-30T15:59:17","guid":{"rendered":"http:\/\/www.megabloc.de\/?page_id=2890"},"modified":"2025-05-08T11:27:26","modified_gmt":"2025-05-08T09:27:26","slug":"megabloc-60-cm-de-large","status":"publish","type":"page","link":"https:\/\/www.megabloc.de\/fr\/produits\/megabloc-60-cm-de-large\/","title":{"rendered":"MEGABLOC 60 CM DE LARGE"},"content":{"rendered":"<div class=\"wpb-content-wrapper\"><p>[vc_row][vc_column width=\u00a0\u00bb1\/2&Prime;][vc_column_text]<\/p>\n<h3>Blocs empilables &#8211; Serie MB Super<\/h3>\n<p><a href=\"https:\/\/www.megabloc.de\/fr\/produits\/megabloc-60-cm-de-large\/serie-mb-super\/\">Stark f\u00fcr alle Anwendungen <\/a><a href=\"https:\/\/www.megabloc.de\/fr\/produits\/megabloc-60-cm-de-large\/serie-mb-super\/\">Zu den Produktdetails&#8230;<\/a>[\/vc_column_text][\/vc_column][vc_column width=\u00a0\u00bb1\/2&Prime;][vc_column_text]<\/p>\n<h3>Blocs empilables &#8211; Serie MB Standard<\/h3>\n<p><a href=\"https:\/\/www.megabloc.de\/produkte\/megabloc-60-cm-breit\/serie-mb-standard\/\">Hervorragend f\u00fcr stumpf gesto\u00dfene und f\u00fcr leicht gekr\u00fcmmte W\u00e4nde<\/a> [\/vc_column_text][\/vc_column][\/vc_row][vc_row][vc_column width=\u00a0\u00bb1\/2&Prime;][vc_gallery type=\u00a0\u00bbimage_grid\u00a0\u00bb interval=\u00a0\u00bb3&Prime; images=\u00a0\u00bb5033&Prime; onclick=\u00a0\u00bblink_image\u00a0\u00bb custom_links_target=\u00a0\u00bb_self\u00a0\u00bb img_size=\u00a0\u00bb525&#215;200&Prime;][\/vc_column][vc_column width=\u00a0\u00bb1\/2&Prime;][vc_gallery type=\u00a0\u00bbimage_grid\u00a0\u00bb interval=\u00a0\u00bb3&Prime; images=\u00a0\u00bb5036&Prime; onclick=\u00a0\u00bblink_image\u00a0\u00bb custom_links_target=\u00a0\u00bb_self\u00a0\u00bb img_size=\u00a0\u00bb525&#215;200&Prime;][\/vc_column][\/vc_row][vc_row][vc_column width=\u00a0\u00bb1\/1&Prime; css=\u00a0\u00bb.vc_custom_1432739719139{margin-top: 40px !important;margin-bottom: 40px !important;}\u00a0\u00bb][vc_separator color=\u00a0\u00bbgrey\u00a0\u00bb align=\u00a0\u00bbalign_center\u00a0\u00bb style=\u00a0\u00bbdashed\u00a0\u00bb][\/vc_column][\/vc_row][vc_row][vc_column width=\u00a0\u00bb1\/2&Prime;][vc_column_text]<\/p>\n<h3>Blocs empilables &#8211; Serie MB Allround<\/h3>\n<p><a href=\"https:\/\/www.megabloc.de\/fr\/produits\/megabloc-60-cm-de-large\/serie-mb-allround\/\">Universell f\u00fcr die Einbindung von Pfosten, Tr\u00e4gern sowie mehrerer Lagen<\/a>[\/vc_column_text][\/vc_column][vc_column width=\u00a0\u00bb1\/2&Prime;][vc_column_text]<\/p>\n<h3>Blocs empilables &#8211; Serie MB Top<\/h3>\n<p><a href=\"https:\/\/www.megabloc.de\/fr\/produits\/megabloc-60-cm-de-large\/serie-mb-top\/\">Ideal f\u00fcr den exakten Anschluss von Wandecken<\/a>[\/vc_column_text][\/vc_column][\/vc_row][vc_row][vc_column width=\u00a0\u00bb1\/2&Prime;][vc_gallery type=\u00a0\u00bbimage_grid\u00a0\u00bb interval=\u00a0\u00bb3&Prime; images=\u00a0\u00bb5039&Prime; onclick=\u00a0\u00bblink_image\u00a0\u00bb custom_links_target=\u00a0\u00bb_self\u00a0\u00bb img_size=\u00a0\u00bb525&#215;200&Prime;][\/vc_column][vc_column width=\u00a0\u00bb1\/2&Prime;][vc_gallery type=\u00a0\u00bbimage_grid\u00a0\u00bb interval=\u00a0\u00bb3&Prime; images=\u00a0\u00bb5042&Prime; onclick=\u00a0\u00bblink_image\u00a0\u00bb custom_links_target=\u00a0\u00bb_self\u00a0\u00bb img_size=\u00a0\u00bb525&#215;200&Prime;][\/vc_column][\/vc_row][vc_row][vc_column width=\u00a0\u00bb1\/1&Prime; css=\u00a0\u00bb.vc_custom_1432739728014{margin-top: 40px !important;margin-bottom: 40px !important;}\u00a0\u00bb][vc_separator color=\u00a0\u00bbgrey\u00a0\u00bb align=\u00a0\u00bbalign_center\u00a0\u00bb style=\u00a0\u00bbdashed\u00a0\u00bb][\/vc_column][\/vc_row]<\/p>\n<\/div>","protected":false},"excerpt":{"rendered":"<p>[vc_row][vc_column width=\u00a0\u00bb1\/2&Prime;][vc_column_text] Blocs empilables &#8211; Serie MB Super Stark f\u00fcr alle Anwendungen Zu den Produktdetails&#8230;[\/vc_column_text][\/vc_column][vc_column width=\u00a0\u00bb1\/2&Prime;][vc_column_text] Blocs empilables &#8211; Serie MB Standard Hervorragend f\u00fcr stumpf gesto\u00dfene<span class=\"excerpt-hellip\"> [\u2026]<\/span><\/p>\n","protected":false},"author":3,"featured_media":-1,"parent":2888,"menu_order":0,"comment_status":"closed","ping_status":"open","template":"","meta":{"footnotes":""},"class_list":["post-2890","page","type-page","status-publish","has-post-thumbnail","hentry"],"yoast_head":"<!-- This site is optimized with the Yoast SEO plugin v27.4 - https:\/\/yoast.com\/product\/yoast-seo-wordpress\/ -->\n<title>MEGABLOC 60 CM DE LARGE - MEGABLOC<\/title>\n<meta name=\"robots\" content=\"index, follow, max-snippet:-1, max-image-preview:large, max-video-preview:-1\" \/>\n<link rel=\"canonical\" href=\"https:\/\/www.megabloc.de\/fr\/produits\/megabloc-60-cm-de-large\/\" \/>\n<meta property=\"og:locale\" content=\"fr_FR\" \/>\n<meta property=\"og:type\" content=\"article\" \/>\n<meta property=\"og:title\" content=\"MEGABLOC 60 CM DE LARGE - MEGABLOC\" \/>\n<meta property=\"og:description\" content=\"[vc_row][vc_column width=\u00a0\u00bb1\/2&Prime;][vc_column_text] Blocs empilables &#8211; Serie MB Super Stark f\u00fcr alle Anwendungen Zu den Produktdetails&#8230;[\/vc_column_text][\/vc_column][vc_column width=\u00a0\u00bb1\/2&Prime;][vc_column_text] Blocs empilables &#8211; Serie MB Standard Hervorragend f\u00fcr stumpf gesto\u00dfene [\u2026]\" \/>\n<meta property=\"og:url\" content=\"https:\/\/www.megabloc.de\/fr\/produits\/megabloc-60-cm-de-large\/\" \/>\n<meta property=\"og:site_name\" content=\"MEGABLOC\" \/>\n<meta property=\"article:modified_time\" content=\"2025-05-08T09:27:26+00:00\" \/>\n<meta name=\"twitter:card\" content=\"summary_large_image\" \/>\n<meta name=\"twitter:label1\" content=\"Dur\u00e9e de lecture estim\u00e9e\" \/>\n\t<meta name=\"twitter:data1\" content=\"1 minute\" \/>\n<script type=\"application\/ld+json\" class=\"yoast-schema-graph\">{\"@context\":\"https:\\\/\\\/schema.org\",\"@graph\":[{\"@type\":\"WebPage\",\"@id\":\"https:\\\/\\\/www.megabloc.de\\\/fr\\\/produits\\\/megabloc-60-cm-de-large\\\/\",\"url\":\"https:\\\/\\\/www.megabloc.de\\\/fr\\\/produits\\\/megabloc-60-cm-de-large\\\/\",\"name\":\"MEGABLOC 60 CM DE LARGE - MEGABLOC\",\"isPartOf\":{\"@id\":\"https:\\\/\\\/www.megabloc.de\\\/fr\\\/#website\"},\"datePublished\":\"2015-04-30T15:59:17+00:00\",\"dateModified\":\"2025-05-08T09:27:26+00:00\",\"breadcrumb\":{\"@id\":\"https:\\\/\\\/www.megabloc.de\\\/fr\\\/produits\\\/megabloc-60-cm-de-large\\\/#breadcrumb\"},\"inLanguage\":\"fr-FR\",\"potentialAction\":[{\"@type\":\"ReadAction\",\"target\":[\"https:\\\/\\\/www.megabloc.de\\\/fr\\\/produits\\\/megabloc-60-cm-de-large\\\/\"]}]},{\"@type\":\"BreadcrumbList\",\"@id\":\"https:\\\/\\\/www.megabloc.de\\\/fr\\\/produits\\\/megabloc-60-cm-de-large\\\/#breadcrumb\",\"itemListElement\":[{\"@type\":\"ListItem\",\"position\":1,\"name\":\"Home\",\"item\":\"https:\\\/\\\/www.megabloc.de\\\/fr\\\/\"},{\"@type\":\"ListItem\",\"position\":2,\"name\":\"PRODUITS\",\"item\":\"https:\\\/\\\/www.megabloc.de\\\/fr\\\/produits\\\/\"},{\"@type\":\"ListItem\",\"position\":3,\"name\":\"MEGABLOC 60 CM DE LARGE\"}]},{\"@type\":\"WebSite\",\"@id\":\"https:\\\/\\\/www.megabloc.de\\\/fr\\\/#website\",\"url\":\"https:\\\/\\\/www.megabloc.de\\\/fr\\\/\",\"name\":\"MEGABLOC\",\"description\":\"BLOCS B\u00c9TON EMPILABLES: L'ORIGINAL\",\"potentialAction\":[{\"@type\":\"SearchAction\",\"target\":{\"@type\":\"EntryPoint\",\"urlTemplate\":\"https:\\\/\\\/www.megabloc.de\\\/fr\\\/?s={search_term_string}\"},\"query-input\":{\"@type\":\"PropertyValueSpecification\",\"valueRequired\":true,\"valueName\":\"search_term_string\"}}],\"inLanguage\":\"fr-FR\"}]}<\/script>\n<!-- \/ Yoast SEO plugin. -->","yoast_head_json":{"title":"MEGABLOC 60 CM DE LARGE - MEGABLOC","robots":{"index":"index","follow":"follow","max-snippet":"max-snippet:-1","max-image-preview":"max-image-preview:large","max-video-preview":"max-video-preview:-1"},"canonical":"https:\/\/www.megabloc.de\/fr\/produits\/megabloc-60-cm-de-large\/","og_locale":"fr_FR","og_type":"article","og_title":"MEGABLOC 60 CM DE LARGE - MEGABLOC","og_description":"[vc_row][vc_column width=\u00a0\u00bb1\/2&Prime;][vc_column_text] Blocs empilables &#8211; Serie MB Super Stark f\u00fcr alle Anwendungen Zu den Produktdetails&#8230;[\/vc_column_text][\/vc_column][vc_column width=\u00a0\u00bb1\/2&Prime;][vc_column_text] Blocs empilables &#8211; Serie MB Standard Hervorragend f\u00fcr stumpf gesto\u00dfene [\u2026]","og_url":"https:\/\/www.megabloc.de\/fr\/produits\/megabloc-60-cm-de-large\/","og_site_name":"MEGABLOC","article_modified_time":"2025-05-08T09:27:26+00:00","twitter_card":"summary_large_image","twitter_misc":{"Dur\u00e9e de lecture estim\u00e9e":"1 minute"},"schema":{"@context":"https:\/\/schema.org","@graph":[{"@type":"WebPage","@id":"https:\/\/www.megabloc.de\/fr\/produits\/megabloc-60-cm-de-large\/","url":"https:\/\/www.megabloc.de\/fr\/produits\/megabloc-60-cm-de-large\/","name":"MEGABLOC 60 CM DE LARGE - MEGABLOC","isPartOf":{"@id":"https:\/\/www.megabloc.de\/fr\/#website"},"datePublished":"2015-04-30T15:59:17+00:00","dateModified":"2025-05-08T09:27:26+00:00","breadcrumb":{"@id":"https:\/\/www.megabloc.de\/fr\/produits\/megabloc-60-cm-de-large\/#breadcrumb"},"inLanguage":"fr-FR","potentialAction":[{"@type":"ReadAction","target":["https:\/\/www.megabloc.de\/fr\/produits\/megabloc-60-cm-de-large\/"]}]},{"@type":"BreadcrumbList","@id":"https:\/\/www.megabloc.de\/fr\/produits\/megabloc-60-cm-de-large\/#breadcrumb","itemListElement":[{"@type":"ListItem","position":1,"name":"Home","item":"https:\/\/www.megabloc.de\/fr\/"},{"@type":"ListItem","position":2,"name":"PRODUITS","item":"https:\/\/www.megabloc.de\/fr\/produits\/"},{"@type":"ListItem","position":3,"name":"MEGABLOC 60 CM DE LARGE"}]},{"@type":"WebSite","@id":"https:\/\/www.megabloc.de\/fr\/#website","url":"https:\/\/www.megabloc.de\/fr\/","name":"MEGABLOC","description":"BLOCS B\u00c9TON EMPILABLES: L'ORIGINAL","potentialAction":[{"@type":"SearchAction","target":{"@type":"EntryPoint","urlTemplate":"https:\/\/www.megabloc.de\/fr\/?s={search_term_string}"},"query-input":{"@type":"PropertyValueSpecification","valueRequired":true,"valueName":"search_term_string"}}],"inLanguage":"fr-FR"}]}},"_links":{"self":[{"href":"https:\/\/www.megabloc.de\/fr\/wp-json\/wp\/v2\/pages\/2890","targetHints":{"allow":["GET"]}}],"collection":[{"href":"https:\/\/www.megabloc.de\/fr\/wp-json\/wp\/v2\/pages"}],"about":[{"href":"https:\/\/www.megabloc.de\/fr\/wp-json\/wp\/v2\/types\/page"}],"author":[{"embeddable":true,"href":"https:\/\/www.megabloc.de\/fr\/wp-json\/wp\/v2\/users\/3"}],"replies":[{"embeddable":true,"href":"https:\/\/www.megabloc.de\/fr\/wp-json\/wp\/v2\/comments?post=2890"}],"version-history":[{"count":4,"href":"https:\/\/www.megabloc.de\/fr\/wp-json\/wp\/v2\/pages\/2890\/revisions"}],"predecessor-version":[{"id":6795,"href":"https:\/\/www.megabloc.de\/fr\/wp-json\/wp\/v2\/pages\/2890\/revisions\/6795"}],"up":[{"embeddable":true,"href":"https:\/\/www.megabloc.de\/fr\/wp-json\/wp\/v2\/pages\/2888"}],"wp:featuredmedia":[{"embeddable":true,"href":"https:\/\/www.megabloc.de\/fr\/wp-json\/"}],"wp:attachment":[{"href":"https:\/\/www.megabloc.de\/fr\/wp-json\/wp\/v2\/media?parent=2890"}],"curies":[{"name":"wp","href":"https:\/\/api.w.org\/{rel}","templated":true}]}}