{"id":2919,"date":"2016-02-02T13:30:21","date_gmt":"2016-02-02T12:30:21","guid":{"rendered":"http:\/\/www.megabloc.de\/?page_id=2919"},"modified":"2016-02-02T13:30:21","modified_gmt":"2016-02-02T12:30:21","slug":"materiel","status":"publish","type":"page","link":"https:\/\/www.megabloc.de\/fr\/produits\/informations-techniques\/materiel\/","title":{"rendered":"MATERIEL"},"content":{"rendered":"<div class=\"wpb-content-wrapper\"><p>[vc_row row_fullwidth=\u00a0\u00bb0&Prime; overlay=\u00a0\u00bbno\u00a0\u00bb][vc_column width=\u00a0\u00bb1\/2&Prime; css=\u00a0\u00bb.vc_custom_1443099886075{margin-right: -50px !important;}\u00a0\u00bb][vc_gallery type=\u00a0\u00bbimage_grid\u00a0\u00bb interval=\u00a0\u00bb3&Prime; images=\u00a0\u00bb2343&Prime; onclick=\u00a0\u00bblink_no\u00a0\u00bb custom_links_target=\u00a0\u00bb_self\u00a0\u00bb img_size=\u00a0\u00bbmedium\u00a0\u00bb][\/vc_column][vc_column width=\u00a0\u00bb1\/2&Prime; css=\u00a0\u00bb.vc_custom_1443099827453{margin-left: -50px !important;}\u00a0\u00bb][vc_column_text css=\u00a0\u00bb.vc_custom_1443100707531{margin-left: -100px !important;}\u00a0\u00bb]<\/p>\n<h2>QUALITE SUPERIEURE<\/h2>\n<p>Nous produisons tous les \u00e9l\u00e9ments MEGABLOC avec du b\u00e9ton arm\u00e9 de qualit\u00e9 minimum C25 &#8211; C30. Les armatures en acier \u00e0 haute adh\u00e9rence utilis\u00e9es,\u00a0ont un enrobage b\u00e9ton &gt; 5 cm ce qui correspond \u00e0 une utilisation en atmosph\u00e8res tr\u00e8s agressives.<\/p>\n<div class=\"container-textbox4 wider\"><\/div>\n<p>[\/vc_column_text][\/vc_column][\/vc_row]<\/p>\n<\/div>","protected":false},"excerpt":{"rendered":"<p>[vc_row row_fullwidth=\u00a0\u00bb0&Prime; overlay=\u00a0\u00bbno\u00a0\u00bb][vc_column width=\u00a0\u00bb1\/2&Prime; css=\u00a0\u00bb.vc_custom_1443099886075{margin-right: -50px !important;}\u00a0\u00bb][vc_gallery type=\u00a0\u00bbimage_grid\u00a0\u00bb interval=\u00a0\u00bb3&Prime; images=\u00a0\u00bb2343&Prime; onclick=\u00a0\u00bblink_no\u00a0\u00bb custom_links_target=\u00a0\u00bb_self\u00a0\u00bb img_size=\u00a0\u00bbmedium\u00a0\u00bb][\/vc_column][vc_column width=\u00a0\u00bb1\/2&Prime; css=\u00a0\u00bb.vc_custom_1443099827453{margin-left: -50px !important;}\u00a0\u00bb][vc_column_text css=\u00a0\u00bb.vc_custom_1443100707531{margin-left: -100px !important;}\u00a0\u00bb] QUALITE SUPERIEURE Nous produisons tous les<span class=\"excerpt-hellip\"> [\u2026]<\/span><\/p>\n","protected":false},"author":3,"featured_media":0,"parent":2911,"menu_order":0,"comment_status":"closed","ping_status":"open","template":"page-templates\/page-default.php","meta":{"footnotes":""},"class_list":["post-2919","page","type-page","status-publish","hentry"],"yoast_head":"<!-- This site is optimized with the Yoast SEO plugin v27.3 - https:\/\/yoast.com\/product\/yoast-seo-wordpress\/ -->\n<title>MATERIEL - MEGABLOC<\/title>\n<meta name=\"robots\" content=\"index, follow, max-snippet:-1, max-image-preview:large, max-video-preview:-1\" \/>\n<link rel=\"canonical\" href=\"https:\/\/www.megabloc.de\/fr\/produits\/informations-techniques\/materiel\/\" \/>\n<meta property=\"og:locale\" content=\"fr_FR\" \/>\n<meta property=\"og:type\" content=\"article\" \/>\n<meta property=\"og:title\" content=\"MATERIEL - MEGABLOC\" \/>\n<meta property=\"og:description\" content=\"[vc_row row_fullwidth=\u00a0\u00bb0&Prime; overlay=\u00a0\u00bbno\u00a0\u00bb][vc_column width=\u00a0\u00bb1\/2&Prime; css=\u00a0\u00bb.vc_custom_1443099886075{margin-right: -50px !important;}\u00a0\u00bb][vc_gallery type=\u00a0\u00bbimage_grid\u00a0\u00bb interval=\u00a0\u00bb3&Prime; images=\u00a0\u00bb2343&Prime; onclick=\u00a0\u00bblink_no\u00a0\u00bb custom_links_target=\u00a0\u00bb_self\u00a0\u00bb img_size=\u00a0\u00bbmedium\u00a0\u00bb][\/vc_column][vc_column width=\u00a0\u00bb1\/2&Prime; css=\u00a0\u00bb.vc_custom_1443099827453{margin-left: -50px !important;}\u00a0\u00bb][vc_column_text css=\u00a0\u00bb.vc_custom_1443100707531{margin-left: -100px !important;}\u00a0\u00bb] QUALITE SUPERIEURE Nous produisons tous les [\u2026]\" \/>\n<meta property=\"og:url\" content=\"https:\/\/www.megabloc.de\/fr\/produits\/informations-techniques\/materiel\/\" \/>\n<meta property=\"og:site_name\" content=\"MEGABLOC\" \/>\n<meta name=\"twitter:card\" content=\"summary_large_image\" \/>\n<meta name=\"twitter:label1\" content=\"Dur\u00e9e de lecture estim\u00e9e\" \/>\n\t<meta name=\"twitter:data1\" content=\"1 minute\" \/>\n<script type=\"application\/ld+json\" class=\"yoast-schema-graph\">{\"@context\":\"https:\\\/\\\/schema.org\",\"@graph\":[{\"@type\":\"WebPage\",\"@id\":\"https:\\\/\\\/www.megabloc.de\\\/fr\\\/produits\\\/informations-techniques\\\/materiel\\\/\",\"url\":\"https:\\\/\\\/www.megabloc.de\\\/fr\\\/produits\\\/informations-techniques\\\/materiel\\\/\",\"name\":\"MATERIEL - MEGABLOC\",\"isPartOf\":{\"@id\":\"https:\\\/\\\/www.megabloc.de\\\/fr\\\/#website\"},\"datePublished\":\"2016-02-02T12:30:21+00:00\",\"breadcrumb\":{\"@id\":\"https:\\\/\\\/www.megabloc.de\\\/fr\\\/produits\\\/informations-techniques\\\/materiel\\\/#breadcrumb\"},\"inLanguage\":\"fr-FR\",\"potentialAction\":[{\"@type\":\"ReadAction\",\"target\":[\"https:\\\/\\\/www.megabloc.de\\\/fr\\\/produits\\\/informations-techniques\\\/materiel\\\/\"]}]},{\"@type\":\"BreadcrumbList\",\"@id\":\"https:\\\/\\\/www.megabloc.de\\\/fr\\\/produits\\\/informations-techniques\\\/materiel\\\/#breadcrumb\",\"itemListElement\":[{\"@type\":\"ListItem\",\"position\":1,\"name\":\"Home\",\"item\":\"https:\\\/\\\/www.megabloc.de\\\/fr\\\/\"},{\"@type\":\"ListItem\",\"position\":2,\"name\":\"PRODUITS\",\"item\":\"https:\\\/\\\/www.megabloc.de\\\/fr\\\/produits\\\/\"},{\"@type\":\"ListItem\",\"position\":3,\"name\":\"INFORMATIONS TECHNIQUES\",\"item\":\"https:\\\/\\\/www.megabloc.de\\\/fr\\\/produits\\\/informations-techniques\\\/\"},{\"@type\":\"ListItem\",\"position\":4,\"name\":\"MATERIEL\"}]},{\"@type\":\"WebSite\",\"@id\":\"https:\\\/\\\/www.megabloc.de\\\/fr\\\/#website\",\"url\":\"https:\\\/\\\/www.megabloc.de\\\/fr\\\/\",\"name\":\"MEGABLOC\",\"description\":\"BLOCS B\u00c9TON EMPILABLES: L'ORIGINAL\",\"potentialAction\":[{\"@type\":\"SearchAction\",\"target\":{\"@type\":\"EntryPoint\",\"urlTemplate\":\"https:\\\/\\\/www.megabloc.de\\\/fr\\\/?s={search_term_string}\"},\"query-input\":{\"@type\":\"PropertyValueSpecification\",\"valueRequired\":true,\"valueName\":\"search_term_string\"}}],\"inLanguage\":\"fr-FR\"}]}<\/script>\n<!-- \/ Yoast SEO plugin. -->","yoast_head_json":{"title":"MATERIEL - MEGABLOC","robots":{"index":"index","follow":"follow","max-snippet":"max-snippet:-1","max-image-preview":"max-image-preview:large","max-video-preview":"max-video-preview:-1"},"canonical":"https:\/\/www.megabloc.de\/fr\/produits\/informations-techniques\/materiel\/","og_locale":"fr_FR","og_type":"article","og_title":"MATERIEL - MEGABLOC","og_description":"[vc_row row_fullwidth=\u00a0\u00bb0&Prime; overlay=\u00a0\u00bbno\u00a0\u00bb][vc_column width=\u00a0\u00bb1\/2&Prime; css=\u00a0\u00bb.vc_custom_1443099886075{margin-right: -50px !important;}\u00a0\u00bb][vc_gallery type=\u00a0\u00bbimage_grid\u00a0\u00bb interval=\u00a0\u00bb3&Prime; images=\u00a0\u00bb2343&Prime; onclick=\u00a0\u00bblink_no\u00a0\u00bb custom_links_target=\u00a0\u00bb_self\u00a0\u00bb img_size=\u00a0\u00bbmedium\u00a0\u00bb][\/vc_column][vc_column width=\u00a0\u00bb1\/2&Prime; css=\u00a0\u00bb.vc_custom_1443099827453{margin-left: -50px !important;}\u00a0\u00bb][vc_column_text css=\u00a0\u00bb.vc_custom_1443100707531{margin-left: -100px !important;}\u00a0\u00bb] QUALITE SUPERIEURE Nous produisons tous les [\u2026]","og_url":"https:\/\/www.megabloc.de\/fr\/produits\/informations-techniques\/materiel\/","og_site_name":"MEGABLOC","twitter_card":"summary_large_image","twitter_misc":{"Dur\u00e9e de lecture estim\u00e9e":"1 minute"},"schema":{"@context":"https:\/\/schema.org","@graph":[{"@type":"WebPage","@id":"https:\/\/www.megabloc.de\/fr\/produits\/informations-techniques\/materiel\/","url":"https:\/\/www.megabloc.de\/fr\/produits\/informations-techniques\/materiel\/","name":"MATERIEL - MEGABLOC","isPartOf":{"@id":"https:\/\/www.megabloc.de\/fr\/#website"},"datePublished":"2016-02-02T12:30:21+00:00","breadcrumb":{"@id":"https:\/\/www.megabloc.de\/fr\/produits\/informations-techniques\/materiel\/#breadcrumb"},"inLanguage":"fr-FR","potentialAction":[{"@type":"ReadAction","target":["https:\/\/www.megabloc.de\/fr\/produits\/informations-techniques\/materiel\/"]}]},{"@type":"BreadcrumbList","@id":"https:\/\/www.megabloc.de\/fr\/produits\/informations-techniques\/materiel\/#breadcrumb","itemListElement":[{"@type":"ListItem","position":1,"name":"Home","item":"https:\/\/www.megabloc.de\/fr\/"},{"@type":"ListItem","position":2,"name":"PRODUITS","item":"https:\/\/www.megabloc.de\/fr\/produits\/"},{"@type":"ListItem","position":3,"name":"INFORMATIONS TECHNIQUES","item":"https:\/\/www.megabloc.de\/fr\/produits\/informations-techniques\/"},{"@type":"ListItem","position":4,"name":"MATERIEL"}]},{"@type":"WebSite","@id":"https:\/\/www.megabloc.de\/fr\/#website","url":"https:\/\/www.megabloc.de\/fr\/","name":"MEGABLOC","description":"BLOCS B\u00c9TON EMPILABLES: L'ORIGINAL","potentialAction":[{"@type":"SearchAction","target":{"@type":"EntryPoint","urlTemplate":"https:\/\/www.megabloc.de\/fr\/?s={search_term_string}"},"query-input":{"@type":"PropertyValueSpecification","valueRequired":true,"valueName":"search_term_string"}}],"inLanguage":"fr-FR"}]}},"_links":{"self":[{"href":"https:\/\/www.megabloc.de\/fr\/wp-json\/wp\/v2\/pages\/2919","targetHints":{"allow":["GET"]}}],"collection":[{"href":"https:\/\/www.megabloc.de\/fr\/wp-json\/wp\/v2\/pages"}],"about":[{"href":"https:\/\/www.megabloc.de\/fr\/wp-json\/wp\/v2\/types\/page"}],"author":[{"embeddable":true,"href":"https:\/\/www.megabloc.de\/fr\/wp-json\/wp\/v2\/users\/3"}],"replies":[{"embeddable":true,"href":"https:\/\/www.megabloc.de\/fr\/wp-json\/wp\/v2\/comments?post=2919"}],"version-history":[{"count":1,"href":"https:\/\/www.megabloc.de\/fr\/wp-json\/wp\/v2\/pages\/2919\/revisions"}],"predecessor-version":[{"id":2920,"href":"https:\/\/www.megabloc.de\/fr\/wp-json\/wp\/v2\/pages\/2919\/revisions\/2920"}],"up":[{"embeddable":true,"href":"https:\/\/www.megabloc.de\/fr\/wp-json\/wp\/v2\/pages\/2911"}],"wp:attachment":[{"href":"https:\/\/www.megabloc.de\/fr\/wp-json\/wp\/v2\/media?parent=2919"}],"curies":[{"name":"wp","href":"https:\/\/api.w.org\/{rel}","templated":true}]}}