{"id":2934,"date":"2016-02-02T14:48:30","date_gmt":"2016-02-02T13:48:30","guid":{"rendered":"http:\/\/www.megabloc.de\/?page_id=2934"},"modified":"2016-02-02T14:48:30","modified_gmt":"2016-02-02T13:48:30","slug":"surface","status":"publish","type":"page","link":"https:\/\/www.megabloc.de\/fr\/produits\/informations-techniques\/surface\/","title":{"rendered":"SURFACE"},"content":{"rendered":"<div class=\"wpb-content-wrapper\"><p>[vc_row][vc_column][vc_column_text]<\/p>\n<div class=\"container-textbox4 wider\">\n<h2>Structures de surface<\/h2>\n<p>Les surfaces visibles de nos MEGABLOCs sont lisses car les \u00e9l\u00e9ments sont produits dans des coffrages m\u00e9talliques.\u00a0Il est possible de fabriquer des blocs ayant diff\u00e9rentes structures de surfaces\u00a0en incorporant dans le moule des matrices.<\/p>\n<\/div>\n<p>[\/vc_column_text][\/vc_column][\/vc_row][vc_row][vc_column width=\u00a0\u00bb1\/1&Prime;][vc_gallery type=\u00a0\u00bbimage_grid\u00a0\u00bb interval=\u00a0\u00bb3&Prime; images=\u00a0\u00bb1257,1258,1259,1260,1261&Prime; onclick=\u00a0\u00bblink_image\u00a0\u00bb custom_links_target=\u00a0\u00bb_self\u00a0\u00bb][\/vc_column][\/vc_row]<\/p>\n<\/div>","protected":false},"excerpt":{"rendered":"<p>[vc_row][vc_column][vc_column_text] Structures de surface Les surfaces visibles de nos MEGABLOCs sont lisses car les \u00e9l\u00e9ments sont produits dans des coffrages m\u00e9talliques.\u00a0Il est possible de fabriquer des<span class=\"excerpt-hellip\"> [\u2026]<\/span><\/p>\n","protected":false},"author":3,"featured_media":0,"parent":2911,"menu_order":0,"comment_status":"closed","ping_status":"open","template":"page-templates\/page-default.php","meta":{"footnotes":""},"class_list":["post-2934","page","type-page","status-publish","hentry"],"yoast_head":"<!-- This site is optimized with the Yoast SEO plugin v27.4 - https:\/\/yoast.com\/product\/yoast-seo-wordpress\/ -->\n<title>SURFACE - MEGABLOC<\/title>\n<meta name=\"robots\" content=\"index, follow, max-snippet:-1, max-image-preview:large, max-video-preview:-1\" \/>\n<link rel=\"canonical\" href=\"https:\/\/www.megabloc.de\/fr\/produits\/informations-techniques\/surface\/\" \/>\n<meta property=\"og:locale\" content=\"fr_FR\" \/>\n<meta property=\"og:type\" content=\"article\" \/>\n<meta property=\"og:title\" content=\"SURFACE - MEGABLOC\" \/>\n<meta property=\"og:description\" content=\"[vc_row][vc_column][vc_column_text] Structures de surface Les surfaces visibles de nos MEGABLOCs sont lisses car les \u00e9l\u00e9ments sont produits dans des coffrages m\u00e9talliques.\u00a0Il est possible de fabriquer des [\u2026]\" \/>\n<meta property=\"og:url\" content=\"https:\/\/www.megabloc.de\/fr\/produits\/informations-techniques\/surface\/\" \/>\n<meta property=\"og:site_name\" content=\"MEGABLOC\" \/>\n<meta name=\"twitter:card\" content=\"summary_large_image\" \/>\n<script type=\"application\/ld+json\" class=\"yoast-schema-graph\">{\"@context\":\"https:\\\/\\\/schema.org\",\"@graph\":[{\"@type\":\"WebPage\",\"@id\":\"https:\\\/\\\/www.megabloc.de\\\/fr\\\/produits\\\/informations-techniques\\\/surface\\\/\",\"url\":\"https:\\\/\\\/www.megabloc.de\\\/fr\\\/produits\\\/informations-techniques\\\/surface\\\/\",\"name\":\"SURFACE - MEGABLOC\",\"isPartOf\":{\"@id\":\"https:\\\/\\\/www.megabloc.de\\\/fr\\\/#website\"},\"datePublished\":\"2016-02-02T13:48:30+00:00\",\"breadcrumb\":{\"@id\":\"https:\\\/\\\/www.megabloc.de\\\/fr\\\/produits\\\/informations-techniques\\\/surface\\\/#breadcrumb\"},\"inLanguage\":\"fr-FR\",\"potentialAction\":[{\"@type\":\"ReadAction\",\"target\":[\"https:\\\/\\\/www.megabloc.de\\\/fr\\\/produits\\\/informations-techniques\\\/surface\\\/\"]}]},{\"@type\":\"BreadcrumbList\",\"@id\":\"https:\\\/\\\/www.megabloc.de\\\/fr\\\/produits\\\/informations-techniques\\\/surface\\\/#breadcrumb\",\"itemListElement\":[{\"@type\":\"ListItem\",\"position\":1,\"name\":\"Home\",\"item\":\"https:\\\/\\\/www.megabloc.de\\\/fr\\\/\"},{\"@type\":\"ListItem\",\"position\":2,\"name\":\"PRODUITS\",\"item\":\"https:\\\/\\\/www.megabloc.de\\\/fr\\\/produits\\\/\"},{\"@type\":\"ListItem\",\"position\":3,\"name\":\"INFORMATIONS TECHNIQUES\",\"item\":\"https:\\\/\\\/www.megabloc.de\\\/fr\\\/produits\\\/informations-techniques\\\/\"},{\"@type\":\"ListItem\",\"position\":4,\"name\":\"SURFACE\"}]},{\"@type\":\"WebSite\",\"@id\":\"https:\\\/\\\/www.megabloc.de\\\/fr\\\/#website\",\"url\":\"https:\\\/\\\/www.megabloc.de\\\/fr\\\/\",\"name\":\"MEGABLOC\",\"description\":\"BLOCS B\u00c9TON EMPILABLES: L'ORIGINAL\",\"potentialAction\":[{\"@type\":\"SearchAction\",\"target\":{\"@type\":\"EntryPoint\",\"urlTemplate\":\"https:\\\/\\\/www.megabloc.de\\\/fr\\\/?s={search_term_string}\"},\"query-input\":{\"@type\":\"PropertyValueSpecification\",\"valueRequired\":true,\"valueName\":\"search_term_string\"}}],\"inLanguage\":\"fr-FR\"}]}<\/script>\n<!-- \/ Yoast SEO plugin. -->","yoast_head_json":{"title":"SURFACE - MEGABLOC","robots":{"index":"index","follow":"follow","max-snippet":"max-snippet:-1","max-image-preview":"max-image-preview:large","max-video-preview":"max-video-preview:-1"},"canonical":"https:\/\/www.megabloc.de\/fr\/produits\/informations-techniques\/surface\/","og_locale":"fr_FR","og_type":"article","og_title":"SURFACE - MEGABLOC","og_description":"[vc_row][vc_column][vc_column_text] Structures de surface Les surfaces visibles de nos MEGABLOCs sont lisses car les \u00e9l\u00e9ments sont produits dans des coffrages m\u00e9talliques.\u00a0Il est possible de fabriquer des [\u2026]","og_url":"https:\/\/www.megabloc.de\/fr\/produits\/informations-techniques\/surface\/","og_site_name":"MEGABLOC","twitter_card":"summary_large_image","schema":{"@context":"https:\/\/schema.org","@graph":[{"@type":"WebPage","@id":"https:\/\/www.megabloc.de\/fr\/produits\/informations-techniques\/surface\/","url":"https:\/\/www.megabloc.de\/fr\/produits\/informations-techniques\/surface\/","name":"SURFACE - MEGABLOC","isPartOf":{"@id":"https:\/\/www.megabloc.de\/fr\/#website"},"datePublished":"2016-02-02T13:48:30+00:00","breadcrumb":{"@id":"https:\/\/www.megabloc.de\/fr\/produits\/informations-techniques\/surface\/#breadcrumb"},"inLanguage":"fr-FR","potentialAction":[{"@type":"ReadAction","target":["https:\/\/www.megabloc.de\/fr\/produits\/informations-techniques\/surface\/"]}]},{"@type":"BreadcrumbList","@id":"https:\/\/www.megabloc.de\/fr\/produits\/informations-techniques\/surface\/#breadcrumb","itemListElement":[{"@type":"ListItem","position":1,"name":"Home","item":"https:\/\/www.megabloc.de\/fr\/"},{"@type":"ListItem","position":2,"name":"PRODUITS","item":"https:\/\/www.megabloc.de\/fr\/produits\/"},{"@type":"ListItem","position":3,"name":"INFORMATIONS TECHNIQUES","item":"https:\/\/www.megabloc.de\/fr\/produits\/informations-techniques\/"},{"@type":"ListItem","position":4,"name":"SURFACE"}]},{"@type":"WebSite","@id":"https:\/\/www.megabloc.de\/fr\/#website","url":"https:\/\/www.megabloc.de\/fr\/","name":"MEGABLOC","description":"BLOCS B\u00c9TON EMPILABLES: L'ORIGINAL","potentialAction":[{"@type":"SearchAction","target":{"@type":"EntryPoint","urlTemplate":"https:\/\/www.megabloc.de\/fr\/?s={search_term_string}"},"query-input":{"@type":"PropertyValueSpecification","valueRequired":true,"valueName":"search_term_string"}}],"inLanguage":"fr-FR"}]}},"_links":{"self":[{"href":"https:\/\/www.megabloc.de\/fr\/wp-json\/wp\/v2\/pages\/2934","targetHints":{"allow":["GET"]}}],"collection":[{"href":"https:\/\/www.megabloc.de\/fr\/wp-json\/wp\/v2\/pages"}],"about":[{"href":"https:\/\/www.megabloc.de\/fr\/wp-json\/wp\/v2\/types\/page"}],"author":[{"embeddable":true,"href":"https:\/\/www.megabloc.de\/fr\/wp-json\/wp\/v2\/users\/3"}],"replies":[{"embeddable":true,"href":"https:\/\/www.megabloc.de\/fr\/wp-json\/wp\/v2\/comments?post=2934"}],"version-history":[{"count":1,"href":"https:\/\/www.megabloc.de\/fr\/wp-json\/wp\/v2\/pages\/2934\/revisions"}],"predecessor-version":[{"id":2935,"href":"https:\/\/www.megabloc.de\/fr\/wp-json\/wp\/v2\/pages\/2934\/revisions\/2935"}],"up":[{"embeddable":true,"href":"https:\/\/www.megabloc.de\/fr\/wp-json\/wp\/v2\/pages\/2911"}],"wp:attachment":[{"href":"https:\/\/www.megabloc.de\/fr\/wp-json\/wp\/v2\/media?parent=2934"}],"curies":[{"name":"wp","href":"https:\/\/api.w.org\/{rel}","templated":true}]}}