{"id":2993,"date":"2016-02-03T10:28:33","date_gmt":"2016-02-03T09:28:33","guid":{"rendered":"http:\/\/www.megabloc.de\/?page_id=2993"},"modified":"2020-05-29T09:27:55","modified_gmt":"2020-05-29T07:27:55","slug":"mur-de-soutenement-soutenement-de-pente","status":"publish","type":"page","link":"https:\/\/www.megabloc.de\/fr\/domaines-dutilisation-application\/mur-de-soutenement-soutenement-de-pente\/","title":{"rendered":"Mur de sout\u00e8nement\/ sout\u00e8nement de pente"},"content":{"rendered":"<div class=\"wpb-content-wrapper\"><p>[vc_row][vc_column][vc_column_text]<\/p>\n<div class=\"container-textbox4 wider\">\n<h2>El\u00e9gant en espaces vertes<\/h2>\n<p>De plus en plus, MEGABLOC fait partie dans les projets des horticulteurs et des paysagistes comme \u00e9l\u00e9ment cr\u00e9ateur.\u00a0Les \u00e9l\u00e9ments MEGABLOC en couleurs, avec structure ou avec des pierres naturelles. Beau et en m\u00eame temps d\u2019une actualit\u00e9 intemporelle.<\/p>\n<h2>Mur de sout\u00e8nement\/ sout\u00e8nement de pente<\/h2>\n<p>Nous avons d\u00e9j\u00e0 r\u00e9alis\u00e9 beaucoup de projets avec MEGABLOC pour consolider une pente. Pour encore plus de stabilit\u00e9 nous avons int\u00e9gr\u00e9 un treillis g\u00e9otextile pour joindre la terre avec les MEGABLOCs. Cela augmente encore la stabilit\u00e9 et la s\u00e9curit\u00e9. Vous voyez \u2013 \u00e9galement chez MEGABLOC la devise est\u00a0:\u00a0\u00bb D\u00e9couvre toutes les possibilit\u00e9s\u2026\u00a0\u00bb<\/p>\n<\/div>\n<p>[\/vc_column_text][\/vc_column][\/vc_row][vc_row][vc_column css=\u00a0\u00bb.vc_custom_1432740802035{margin-top: 20px !important;}\u00a0\u00bb][vc_gallery type=\u00a0\u00bbimage_grid\u00a0\u00bb images=\u00a0\u00bb4922,4925,4928,4931,4934,4937,5228,5099,5048,6177,6173&Prime; img_size=\u00a0\u00bb300&#215;200&Prime;][\/vc_column][\/vc_row]<\/p>\n<\/div>","protected":false},"excerpt":{"rendered":"<p>[vc_row][vc_column][vc_column_text] El\u00e9gant en espaces vertes De plus en plus, MEGABLOC fait partie dans les projets des horticulteurs et des paysagistes comme \u00e9l\u00e9ment cr\u00e9ateur.\u00a0Les \u00e9l\u00e9ments MEGABLOC en<span class=\"excerpt-hellip\"> [\u2026]<\/span><\/p>\n","protected":false},"author":3,"featured_media":0,"parent":2971,"menu_order":0,"comment_status":"open","ping_status":"open","template":"","meta":{"footnotes":""},"class_list":["post-2993","page","type-page","status-publish","hentry"],"yoast_head":"<!-- This site is optimized with the Yoast SEO plugin v27.3 - https:\/\/yoast.com\/product\/yoast-seo-wordpress\/ -->\n<title>Mur de sout\u00e8nement\/ sout\u00e8nement de pente - MEGABLOC<\/title>\n<meta name=\"robots\" content=\"index, follow, max-snippet:-1, max-image-preview:large, max-video-preview:-1\" \/>\n<link rel=\"canonical\" href=\"https:\/\/www.megabloc.de\/fr\/domaines-dutilisation-application\/mur-de-soutenement-soutenement-de-pente\/\" \/>\n<meta property=\"og:locale\" content=\"fr_FR\" \/>\n<meta property=\"og:type\" content=\"article\" \/>\n<meta property=\"og:title\" content=\"Mur de sout\u00e8nement\/ sout\u00e8nement de pente - MEGABLOC\" \/>\n<meta property=\"og:description\" content=\"[vc_row][vc_column][vc_column_text] El\u00e9gant en espaces vertes De plus en plus, MEGABLOC fait partie dans les projets des horticulteurs et des paysagistes comme \u00e9l\u00e9ment cr\u00e9ateur.\u00a0Les \u00e9l\u00e9ments MEGABLOC en [\u2026]\" \/>\n<meta property=\"og:url\" content=\"https:\/\/www.megabloc.de\/fr\/domaines-dutilisation-application\/mur-de-soutenement-soutenement-de-pente\/\" \/>\n<meta property=\"og:site_name\" content=\"MEGABLOC\" \/>\n<meta property=\"article:modified_time\" content=\"2020-05-29T07:27:55+00:00\" \/>\n<meta name=\"twitter:card\" content=\"summary_large_image\" \/>\n<meta name=\"twitter:label1\" content=\"Dur\u00e9e de lecture estim\u00e9e\" \/>\n\t<meta name=\"twitter:data1\" content=\"1 minute\" \/>\n<script type=\"application\/ld+json\" class=\"yoast-schema-graph\">{\"@context\":\"https:\\\/\\\/schema.org\",\"@graph\":[{\"@type\":\"WebPage\",\"@id\":\"https:\\\/\\\/www.megabloc.de\\\/fr\\\/domaines-dutilisation-application\\\/mur-de-soutenement-soutenement-de-pente\\\/\",\"url\":\"https:\\\/\\\/www.megabloc.de\\\/fr\\\/domaines-dutilisation-application\\\/mur-de-soutenement-soutenement-de-pente\\\/\",\"name\":\"Mur de sout\u00e8nement\\\/ sout\u00e8nement de pente - MEGABLOC\",\"isPartOf\":{\"@id\":\"https:\\\/\\\/www.megabloc.de\\\/fr\\\/#website\"},\"datePublished\":\"2016-02-03T09:28:33+00:00\",\"dateModified\":\"2020-05-29T07:27:55+00:00\",\"breadcrumb\":{\"@id\":\"https:\\\/\\\/www.megabloc.de\\\/fr\\\/domaines-dutilisation-application\\\/mur-de-soutenement-soutenement-de-pente\\\/#breadcrumb\"},\"inLanguage\":\"fr-FR\",\"potentialAction\":[{\"@type\":\"ReadAction\",\"target\":[\"https:\\\/\\\/www.megabloc.de\\\/fr\\\/domaines-dutilisation-application\\\/mur-de-soutenement-soutenement-de-pente\\\/\"]}]},{\"@type\":\"BreadcrumbList\",\"@id\":\"https:\\\/\\\/www.megabloc.de\\\/fr\\\/domaines-dutilisation-application\\\/mur-de-soutenement-soutenement-de-pente\\\/#breadcrumb\",\"itemListElement\":[{\"@type\":\"ListItem\",\"position\":1,\"name\":\"Home\",\"item\":\"https:\\\/\\\/www.megabloc.de\\\/fr\\\/\"},{\"@type\":\"ListItem\",\"position\":2,\"name\":\"Applications par domaines\",\"item\":\"https:\\\/\\\/www.megabloc.de\\\/fr\\\/domaines-dutilisation-application\\\/\"},{\"@type\":\"ListItem\",\"position\":3,\"name\":\"Mur de sout\u00e8nement\\\/ sout\u00e8nement de pente\"}]},{\"@type\":\"WebSite\",\"@id\":\"https:\\\/\\\/www.megabloc.de\\\/fr\\\/#website\",\"url\":\"https:\\\/\\\/www.megabloc.de\\\/fr\\\/\",\"name\":\"MEGABLOC\",\"description\":\"BLOCS B\u00c9TON EMPILABLES: L'ORIGINAL\",\"potentialAction\":[{\"@type\":\"SearchAction\",\"target\":{\"@type\":\"EntryPoint\",\"urlTemplate\":\"https:\\\/\\\/www.megabloc.de\\\/fr\\\/?s={search_term_string}\"},\"query-input\":{\"@type\":\"PropertyValueSpecification\",\"valueRequired\":true,\"valueName\":\"search_term_string\"}}],\"inLanguage\":\"fr-FR\"}]}<\/script>\n<!-- \/ Yoast SEO plugin. -->","yoast_head_json":{"title":"Mur de sout\u00e8nement\/ sout\u00e8nement de pente - MEGABLOC","robots":{"index":"index","follow":"follow","max-snippet":"max-snippet:-1","max-image-preview":"max-image-preview:large","max-video-preview":"max-video-preview:-1"},"canonical":"https:\/\/www.megabloc.de\/fr\/domaines-dutilisation-application\/mur-de-soutenement-soutenement-de-pente\/","og_locale":"fr_FR","og_type":"article","og_title":"Mur de sout\u00e8nement\/ sout\u00e8nement de pente - MEGABLOC","og_description":"[vc_row][vc_column][vc_column_text] El\u00e9gant en espaces vertes De plus en plus, MEGABLOC fait partie dans les projets des horticulteurs et des paysagistes comme \u00e9l\u00e9ment cr\u00e9ateur.\u00a0Les \u00e9l\u00e9ments MEGABLOC en [\u2026]","og_url":"https:\/\/www.megabloc.de\/fr\/domaines-dutilisation-application\/mur-de-soutenement-soutenement-de-pente\/","og_site_name":"MEGABLOC","article_modified_time":"2020-05-29T07:27:55+00:00","twitter_card":"summary_large_image","twitter_misc":{"Dur\u00e9e de lecture estim\u00e9e":"1 minute"},"schema":{"@context":"https:\/\/schema.org","@graph":[{"@type":"WebPage","@id":"https:\/\/www.megabloc.de\/fr\/domaines-dutilisation-application\/mur-de-soutenement-soutenement-de-pente\/","url":"https:\/\/www.megabloc.de\/fr\/domaines-dutilisation-application\/mur-de-soutenement-soutenement-de-pente\/","name":"Mur de sout\u00e8nement\/ sout\u00e8nement de pente - MEGABLOC","isPartOf":{"@id":"https:\/\/www.megabloc.de\/fr\/#website"},"datePublished":"2016-02-03T09:28:33+00:00","dateModified":"2020-05-29T07:27:55+00:00","breadcrumb":{"@id":"https:\/\/www.megabloc.de\/fr\/domaines-dutilisation-application\/mur-de-soutenement-soutenement-de-pente\/#breadcrumb"},"inLanguage":"fr-FR","potentialAction":[{"@type":"ReadAction","target":["https:\/\/www.megabloc.de\/fr\/domaines-dutilisation-application\/mur-de-soutenement-soutenement-de-pente\/"]}]},{"@type":"BreadcrumbList","@id":"https:\/\/www.megabloc.de\/fr\/domaines-dutilisation-application\/mur-de-soutenement-soutenement-de-pente\/#breadcrumb","itemListElement":[{"@type":"ListItem","position":1,"name":"Home","item":"https:\/\/www.megabloc.de\/fr\/"},{"@type":"ListItem","position":2,"name":"Applications par domaines","item":"https:\/\/www.megabloc.de\/fr\/domaines-dutilisation-application\/"},{"@type":"ListItem","position":3,"name":"Mur de sout\u00e8nement\/ sout\u00e8nement de pente"}]},{"@type":"WebSite","@id":"https:\/\/www.megabloc.de\/fr\/#website","url":"https:\/\/www.megabloc.de\/fr\/","name":"MEGABLOC","description":"BLOCS B\u00c9TON EMPILABLES: L'ORIGINAL","potentialAction":[{"@type":"SearchAction","target":{"@type":"EntryPoint","urlTemplate":"https:\/\/www.megabloc.de\/fr\/?s={search_term_string}"},"query-input":{"@type":"PropertyValueSpecification","valueRequired":true,"valueName":"search_term_string"}}],"inLanguage":"fr-FR"}]}},"_links":{"self":[{"href":"https:\/\/www.megabloc.de\/fr\/wp-json\/wp\/v2\/pages\/2993","targetHints":{"allow":["GET"]}}],"collection":[{"href":"https:\/\/www.megabloc.de\/fr\/wp-json\/wp\/v2\/pages"}],"about":[{"href":"https:\/\/www.megabloc.de\/fr\/wp-json\/wp\/v2\/types\/page"}],"author":[{"embeddable":true,"href":"https:\/\/www.megabloc.de\/fr\/wp-json\/wp\/v2\/users\/3"}],"replies":[{"embeddable":true,"href":"https:\/\/www.megabloc.de\/fr\/wp-json\/wp\/v2\/comments?post=2993"}],"version-history":[{"count":3,"href":"https:\/\/www.megabloc.de\/fr\/wp-json\/wp\/v2\/pages\/2993\/revisions"}],"predecessor-version":[{"id":6183,"href":"https:\/\/www.megabloc.de\/fr\/wp-json\/wp\/v2\/pages\/2993\/revisions\/6183"}],"up":[{"embeddable":true,"href":"https:\/\/www.megabloc.de\/fr\/wp-json\/wp\/v2\/pages\/2971"}],"wp:attachment":[{"href":"https:\/\/www.megabloc.de\/fr\/wp-json\/wp\/v2\/media?parent=2993"}],"curies":[{"name":"wp","href":"https:\/\/api.w.org\/{rel}","templated":true}]}}