{"id":3002,"date":"2016-02-03T10:50:30","date_gmt":"2016-02-03T09:50:30","guid":{"rendered":"http:\/\/www.megabloc.de\/?page_id=3002"},"modified":"2016-02-03T10:50:30","modified_gmt":"2016-02-03T09:50:30","slug":"reservations-pour-chariot-elevateur","status":"publish","type":"page","link":"https:\/\/www.megabloc.de\/fr\/domaines-dutilisation-application\/reservations-pour-chariot-elevateur\/","title":{"rendered":"R\u00e9servations pour chariot \u00e9l\u00e9vateur"},"content":{"rendered":"<div class=\"wpb-content-wrapper\"><p>[vc_row][vc_column][vc_column_text]<\/p>\n<h2><strong>R\u00e9servations pour chariot \u00e9l\u00e9vateur<\/strong><\/h2>\n<p>Les blocs MEGABLOC servent ici comme une barri\u00e8re. Mais les blocs peuvent \u00eatre vite d\u00e9plac\u00e9s et donc le passage vers l&rsquo;int\u00e9rieur du hangar est possible.[\/vc_column_text][\/vc_column][\/vc_row][vc_row][vc_column width=\u00a0\u00bb1\/1&Prime;][vc_gallery type=\u00a0\u00bbimage_grid\u00a0\u00bb interval=\u00a0\u00bb3&Prime; images=\u00a0\u00bb1173&Prime; onclick=\u00a0\u00bblink_image\u00a0\u00bb custom_links_target=\u00a0\u00bb_self\u00a0\u00bb img_size=\u00a0\u00bb300&#215;200&Prime;][\/vc_column][\/vc_row]<\/p>\n<\/div>","protected":false},"excerpt":{"rendered":"<p>[vc_row][vc_column][vc_column_text] R\u00e9servations pour chariot \u00e9l\u00e9vateur Les blocs MEGABLOC servent ici comme une barri\u00e8re. Mais les blocs peuvent \u00eatre vite d\u00e9plac\u00e9s et donc le passage vers l&rsquo;int\u00e9rieur<span class=\"excerpt-hellip\"> [\u2026]<\/span><\/p>\n","protected":false},"author":3,"featured_media":0,"parent":2971,"menu_order":0,"comment_status":"open","ping_status":"open","template":"page-templates\/page-default.php","meta":{"footnotes":""},"class_list":["post-3002","page","type-page","status-publish","hentry"],"yoast_head":"<!-- This site is optimized with the Yoast SEO plugin v27.3 - https:\/\/yoast.com\/product\/yoast-seo-wordpress\/ -->\n<title>R\u00e9servations pour chariot \u00e9l\u00e9vateur - MEGABLOC<\/title>\n<meta name=\"robots\" content=\"index, follow, max-snippet:-1, max-image-preview:large, max-video-preview:-1\" \/>\n<link rel=\"canonical\" href=\"https:\/\/www.megabloc.de\/fr\/domaines-dutilisation-application\/reservations-pour-chariot-elevateur\/\" \/>\n<meta property=\"og:locale\" content=\"fr_FR\" \/>\n<meta property=\"og:type\" content=\"article\" \/>\n<meta property=\"og:title\" content=\"R\u00e9servations pour chariot \u00e9l\u00e9vateur - MEGABLOC\" \/>\n<meta property=\"og:description\" content=\"[vc_row][vc_column][vc_column_text] R\u00e9servations pour chariot \u00e9l\u00e9vateur Les blocs MEGABLOC servent ici comme une barri\u00e8re. Mais les blocs peuvent \u00eatre vite d\u00e9plac\u00e9s et donc le passage vers l&rsquo;int\u00e9rieur [\u2026]\" \/>\n<meta property=\"og:url\" content=\"https:\/\/www.megabloc.de\/fr\/domaines-dutilisation-application\/reservations-pour-chariot-elevateur\/\" \/>\n<meta property=\"og:site_name\" content=\"MEGABLOC\" \/>\n<meta name=\"twitter:card\" content=\"summary_large_image\" \/>\n<script type=\"application\/ld+json\" class=\"yoast-schema-graph\">{\"@context\":\"https:\\\/\\\/schema.org\",\"@graph\":[{\"@type\":\"WebPage\",\"@id\":\"https:\\\/\\\/www.megabloc.de\\\/fr\\\/domaines-dutilisation-application\\\/reservations-pour-chariot-elevateur\\\/\",\"url\":\"https:\\\/\\\/www.megabloc.de\\\/fr\\\/domaines-dutilisation-application\\\/reservations-pour-chariot-elevateur\\\/\",\"name\":\"R\u00e9servations pour chariot \u00e9l\u00e9vateur - MEGABLOC\",\"isPartOf\":{\"@id\":\"https:\\\/\\\/www.megabloc.de\\\/fr\\\/#website\"},\"datePublished\":\"2016-02-03T09:50:30+00:00\",\"breadcrumb\":{\"@id\":\"https:\\\/\\\/www.megabloc.de\\\/fr\\\/domaines-dutilisation-application\\\/reservations-pour-chariot-elevateur\\\/#breadcrumb\"},\"inLanguage\":\"fr-FR\",\"potentialAction\":[{\"@type\":\"ReadAction\",\"target\":[\"https:\\\/\\\/www.megabloc.de\\\/fr\\\/domaines-dutilisation-application\\\/reservations-pour-chariot-elevateur\\\/\"]}]},{\"@type\":\"BreadcrumbList\",\"@id\":\"https:\\\/\\\/www.megabloc.de\\\/fr\\\/domaines-dutilisation-application\\\/reservations-pour-chariot-elevateur\\\/#breadcrumb\",\"itemListElement\":[{\"@type\":\"ListItem\",\"position\":1,\"name\":\"Home\",\"item\":\"https:\\\/\\\/www.megabloc.de\\\/fr\\\/\"},{\"@type\":\"ListItem\",\"position\":2,\"name\":\"Applications par domaines\",\"item\":\"https:\\\/\\\/www.megabloc.de\\\/fr\\\/domaines-dutilisation-application\\\/\"},{\"@type\":\"ListItem\",\"position\":3,\"name\":\"R\u00e9servations pour chariot \u00e9l\u00e9vateur\"}]},{\"@type\":\"WebSite\",\"@id\":\"https:\\\/\\\/www.megabloc.de\\\/fr\\\/#website\",\"url\":\"https:\\\/\\\/www.megabloc.de\\\/fr\\\/\",\"name\":\"MEGABLOC\",\"description\":\"BLOCS B\u00c9TON EMPILABLES: L'ORIGINAL\",\"potentialAction\":[{\"@type\":\"SearchAction\",\"target\":{\"@type\":\"EntryPoint\",\"urlTemplate\":\"https:\\\/\\\/www.megabloc.de\\\/fr\\\/?s={search_term_string}\"},\"query-input\":{\"@type\":\"PropertyValueSpecification\",\"valueRequired\":true,\"valueName\":\"search_term_string\"}}],\"inLanguage\":\"fr-FR\"}]}<\/script>\n<!-- \/ Yoast SEO plugin. -->","yoast_head_json":{"title":"R\u00e9servations pour chariot \u00e9l\u00e9vateur - MEGABLOC","robots":{"index":"index","follow":"follow","max-snippet":"max-snippet:-1","max-image-preview":"max-image-preview:large","max-video-preview":"max-video-preview:-1"},"canonical":"https:\/\/www.megabloc.de\/fr\/domaines-dutilisation-application\/reservations-pour-chariot-elevateur\/","og_locale":"fr_FR","og_type":"article","og_title":"R\u00e9servations pour chariot \u00e9l\u00e9vateur - MEGABLOC","og_description":"[vc_row][vc_column][vc_column_text] R\u00e9servations pour chariot \u00e9l\u00e9vateur Les blocs MEGABLOC servent ici comme une barri\u00e8re. Mais les blocs peuvent \u00eatre vite d\u00e9plac\u00e9s et donc le passage vers l&rsquo;int\u00e9rieur [\u2026]","og_url":"https:\/\/www.megabloc.de\/fr\/domaines-dutilisation-application\/reservations-pour-chariot-elevateur\/","og_site_name":"MEGABLOC","twitter_card":"summary_large_image","schema":{"@context":"https:\/\/schema.org","@graph":[{"@type":"WebPage","@id":"https:\/\/www.megabloc.de\/fr\/domaines-dutilisation-application\/reservations-pour-chariot-elevateur\/","url":"https:\/\/www.megabloc.de\/fr\/domaines-dutilisation-application\/reservations-pour-chariot-elevateur\/","name":"R\u00e9servations pour chariot \u00e9l\u00e9vateur - MEGABLOC","isPartOf":{"@id":"https:\/\/www.megabloc.de\/fr\/#website"},"datePublished":"2016-02-03T09:50:30+00:00","breadcrumb":{"@id":"https:\/\/www.megabloc.de\/fr\/domaines-dutilisation-application\/reservations-pour-chariot-elevateur\/#breadcrumb"},"inLanguage":"fr-FR","potentialAction":[{"@type":"ReadAction","target":["https:\/\/www.megabloc.de\/fr\/domaines-dutilisation-application\/reservations-pour-chariot-elevateur\/"]}]},{"@type":"BreadcrumbList","@id":"https:\/\/www.megabloc.de\/fr\/domaines-dutilisation-application\/reservations-pour-chariot-elevateur\/#breadcrumb","itemListElement":[{"@type":"ListItem","position":1,"name":"Home","item":"https:\/\/www.megabloc.de\/fr\/"},{"@type":"ListItem","position":2,"name":"Applications par domaines","item":"https:\/\/www.megabloc.de\/fr\/domaines-dutilisation-application\/"},{"@type":"ListItem","position":3,"name":"R\u00e9servations pour chariot \u00e9l\u00e9vateur"}]},{"@type":"WebSite","@id":"https:\/\/www.megabloc.de\/fr\/#website","url":"https:\/\/www.megabloc.de\/fr\/","name":"MEGABLOC","description":"BLOCS B\u00c9TON EMPILABLES: L'ORIGINAL","potentialAction":[{"@type":"SearchAction","target":{"@type":"EntryPoint","urlTemplate":"https:\/\/www.megabloc.de\/fr\/?s={search_term_string}"},"query-input":{"@type":"PropertyValueSpecification","valueRequired":true,"valueName":"search_term_string"}}],"inLanguage":"fr-FR"}]}},"_links":{"self":[{"href":"https:\/\/www.megabloc.de\/fr\/wp-json\/wp\/v2\/pages\/3002","targetHints":{"allow":["GET"]}}],"collection":[{"href":"https:\/\/www.megabloc.de\/fr\/wp-json\/wp\/v2\/pages"}],"about":[{"href":"https:\/\/www.megabloc.de\/fr\/wp-json\/wp\/v2\/types\/page"}],"author":[{"embeddable":true,"href":"https:\/\/www.megabloc.de\/fr\/wp-json\/wp\/v2\/users\/3"}],"replies":[{"embeddable":true,"href":"https:\/\/www.megabloc.de\/fr\/wp-json\/wp\/v2\/comments?post=3002"}],"version-history":[{"count":1,"href":"https:\/\/www.megabloc.de\/fr\/wp-json\/wp\/v2\/pages\/3002\/revisions"}],"predecessor-version":[{"id":3003,"href":"https:\/\/www.megabloc.de\/fr\/wp-json\/wp\/v2\/pages\/3002\/revisions\/3003"}],"up":[{"embeddable":true,"href":"https:\/\/www.megabloc.de\/fr\/wp-json\/wp\/v2\/pages\/2971"}],"wp:attachment":[{"href":"https:\/\/www.megabloc.de\/fr\/wp-json\/wp\/v2\/media?parent=3002"}],"curies":[{"name":"wp","href":"https:\/\/api.w.org\/{rel}","templated":true}]}}