{"id":3004,"date":"2016-02-03T10:53:22","date_gmt":"2016-02-03T09:53:22","guid":{"rendered":"http:\/\/www.megabloc.de\/?page_id=3004"},"modified":"2016-02-03T10:55:25","modified_gmt":"2016-02-03T09:55:25","slug":"centres-techniques-des-villes","status":"publish","type":"page","link":"https:\/\/www.megabloc.de\/fr\/domaines-dutilisation-application\/centres-techniques-des-villes\/","title":{"rendered":"CENTRES TECHNIQUES DES VILLES"},"content":{"rendered":"<div class=\"wpb-content-wrapper\"><p>[vc_row][vc_column][vc_column_text]<\/p>\n<div class=\"container-textbox4 wider\">\n<p><strong>Les blocs en b\u00e9ton MEGABLOC ont des multiples possibilit\u00e9s d\u2019utilisation<br \/>\n<\/strong><strong>\u2013 sur les centres techniques des villes \u2013 les possibilit\u00e9s sont innombrables.<\/strong><\/p>\n<ul>\n<li>Construction des casiers pour le stockage des mat\u00e9riaux en vrac<\/li>\n<li>Construction des halls<\/li>\n<li>Construction des murs contre la vue et le bruit<\/li>\n<li>Sout\u00e8nement de pente<\/li>\n<li>Protection contre les chocs<\/li>\n<li>Bordure sur les parkings<\/li>\n<li>comme \u00e9l\u00e9ment cr\u00e9ateur\u2026<\/li>\n<\/ul>\n<\/div>\n<p>[\/vc_column_text][\/vc_column][\/vc_row][vc_row css=\u00a0\u00bb.vc_custom_1454493323651{margin-top: 50px !important;}\u00a0\u00bb row_fullwidth=\u00a0\u00bb0&Prime; overlay=\u00a0\u00bbno\u00a0\u00bb][vc_column width=\u00a0\u00bb1\/1&Prime;][vc_gallery type=\u00a0\u00bbimage_grid\u00a0\u00bb interval=\u00a0\u00bb3&Prime; images=\u00a0\u00bb1177,1178,1384&Prime; onclick=\u00a0\u00bblink_image\u00a0\u00bb custom_links_target=\u00a0\u00bb_self\u00a0\u00bb img_size=\u00a0\u00bb300&#215;200&Prime;][\/vc_column][\/vc_row]<\/p>\n<\/div>","protected":false},"excerpt":{"rendered":"<p>[vc_row][vc_column][vc_column_text] Les blocs en b\u00e9ton MEGABLOC ont des multiples possibilit\u00e9s d\u2019utilisation \u2013 sur les centres techniques des villes \u2013 les possibilit\u00e9s sont innombrables. Construction des casiers<span class=\"excerpt-hellip\"> [\u2026]<\/span><\/p>\n","protected":false},"author":3,"featured_media":0,"parent":2971,"menu_order":0,"comment_status":"open","ping_status":"open","template":"page-templates\/page-default.php","meta":{"footnotes":""},"class_list":["post-3004","page","type-page","status-publish","hentry"],"yoast_head":"<!-- This site is optimized with the Yoast SEO plugin v27.3 - https:\/\/yoast.com\/product\/yoast-seo-wordpress\/ -->\n<title>CENTRES TECHNIQUES DES VILLES - MEGABLOC<\/title>\n<meta name=\"robots\" content=\"index, follow, max-snippet:-1, max-image-preview:large, max-video-preview:-1\" \/>\n<link rel=\"canonical\" href=\"https:\/\/www.megabloc.de\/fr\/domaines-dutilisation-application\/centres-techniques-des-villes\/\" \/>\n<meta property=\"og:locale\" content=\"fr_FR\" \/>\n<meta property=\"og:type\" content=\"article\" \/>\n<meta property=\"og:title\" content=\"CENTRES TECHNIQUES DES VILLES - MEGABLOC\" \/>\n<meta property=\"og:description\" content=\"[vc_row][vc_column][vc_column_text] Les blocs en b\u00e9ton MEGABLOC ont des multiples possibilit\u00e9s d\u2019utilisation \u2013 sur les centres techniques des villes \u2013 les possibilit\u00e9s sont innombrables. Construction des casiers [\u2026]\" \/>\n<meta property=\"og:url\" content=\"https:\/\/www.megabloc.de\/fr\/domaines-dutilisation-application\/centres-techniques-des-villes\/\" \/>\n<meta property=\"og:site_name\" content=\"MEGABLOC\" \/>\n<meta property=\"article:modified_time\" content=\"2016-02-03T09:55:25+00:00\" \/>\n<meta name=\"twitter:card\" content=\"summary_large_image\" \/>\n<meta name=\"twitter:label1\" content=\"Dur\u00e9e de lecture estim\u00e9e\" \/>\n\t<meta name=\"twitter:data1\" content=\"1 minute\" \/>\n<script type=\"application\/ld+json\" class=\"yoast-schema-graph\">{\"@context\":\"https:\\\/\\\/schema.org\",\"@graph\":[{\"@type\":\"WebPage\",\"@id\":\"https:\\\/\\\/www.megabloc.de\\\/fr\\\/domaines-dutilisation-application\\\/centres-techniques-des-villes\\\/\",\"url\":\"https:\\\/\\\/www.megabloc.de\\\/fr\\\/domaines-dutilisation-application\\\/centres-techniques-des-villes\\\/\",\"name\":\"CENTRES TECHNIQUES DES VILLES - MEGABLOC\",\"isPartOf\":{\"@id\":\"https:\\\/\\\/www.megabloc.de\\\/fr\\\/#website\"},\"datePublished\":\"2016-02-03T09:53:22+00:00\",\"dateModified\":\"2016-02-03T09:55:25+00:00\",\"breadcrumb\":{\"@id\":\"https:\\\/\\\/www.megabloc.de\\\/fr\\\/domaines-dutilisation-application\\\/centres-techniques-des-villes\\\/#breadcrumb\"},\"inLanguage\":\"fr-FR\",\"potentialAction\":[{\"@type\":\"ReadAction\",\"target\":[\"https:\\\/\\\/www.megabloc.de\\\/fr\\\/domaines-dutilisation-application\\\/centres-techniques-des-villes\\\/\"]}]},{\"@type\":\"BreadcrumbList\",\"@id\":\"https:\\\/\\\/www.megabloc.de\\\/fr\\\/domaines-dutilisation-application\\\/centres-techniques-des-villes\\\/#breadcrumb\",\"itemListElement\":[{\"@type\":\"ListItem\",\"position\":1,\"name\":\"Home\",\"item\":\"https:\\\/\\\/www.megabloc.de\\\/fr\\\/\"},{\"@type\":\"ListItem\",\"position\":2,\"name\":\"Applications par domaines\",\"item\":\"https:\\\/\\\/www.megabloc.de\\\/fr\\\/domaines-dutilisation-application\\\/\"},{\"@type\":\"ListItem\",\"position\":3,\"name\":\"CENTRES TECHNIQUES DES VILLES\"}]},{\"@type\":\"WebSite\",\"@id\":\"https:\\\/\\\/www.megabloc.de\\\/fr\\\/#website\",\"url\":\"https:\\\/\\\/www.megabloc.de\\\/fr\\\/\",\"name\":\"MEGABLOC\",\"description\":\"BLOCS B\u00c9TON EMPILABLES: L'ORIGINAL\",\"potentialAction\":[{\"@type\":\"SearchAction\",\"target\":{\"@type\":\"EntryPoint\",\"urlTemplate\":\"https:\\\/\\\/www.megabloc.de\\\/fr\\\/?s={search_term_string}\"},\"query-input\":{\"@type\":\"PropertyValueSpecification\",\"valueRequired\":true,\"valueName\":\"search_term_string\"}}],\"inLanguage\":\"fr-FR\"}]}<\/script>\n<!-- \/ Yoast SEO plugin. -->","yoast_head_json":{"title":"CENTRES TECHNIQUES DES VILLES - MEGABLOC","robots":{"index":"index","follow":"follow","max-snippet":"max-snippet:-1","max-image-preview":"max-image-preview:large","max-video-preview":"max-video-preview:-1"},"canonical":"https:\/\/www.megabloc.de\/fr\/domaines-dutilisation-application\/centres-techniques-des-villes\/","og_locale":"fr_FR","og_type":"article","og_title":"CENTRES TECHNIQUES DES VILLES - MEGABLOC","og_description":"[vc_row][vc_column][vc_column_text] Les blocs en b\u00e9ton MEGABLOC ont des multiples possibilit\u00e9s d\u2019utilisation \u2013 sur les centres techniques des villes \u2013 les possibilit\u00e9s sont innombrables. Construction des casiers [\u2026]","og_url":"https:\/\/www.megabloc.de\/fr\/domaines-dutilisation-application\/centres-techniques-des-villes\/","og_site_name":"MEGABLOC","article_modified_time":"2016-02-03T09:55:25+00:00","twitter_card":"summary_large_image","twitter_misc":{"Dur\u00e9e de lecture estim\u00e9e":"1 minute"},"schema":{"@context":"https:\/\/schema.org","@graph":[{"@type":"WebPage","@id":"https:\/\/www.megabloc.de\/fr\/domaines-dutilisation-application\/centres-techniques-des-villes\/","url":"https:\/\/www.megabloc.de\/fr\/domaines-dutilisation-application\/centres-techniques-des-villes\/","name":"CENTRES TECHNIQUES DES VILLES - MEGABLOC","isPartOf":{"@id":"https:\/\/www.megabloc.de\/fr\/#website"},"datePublished":"2016-02-03T09:53:22+00:00","dateModified":"2016-02-03T09:55:25+00:00","breadcrumb":{"@id":"https:\/\/www.megabloc.de\/fr\/domaines-dutilisation-application\/centres-techniques-des-villes\/#breadcrumb"},"inLanguage":"fr-FR","potentialAction":[{"@type":"ReadAction","target":["https:\/\/www.megabloc.de\/fr\/domaines-dutilisation-application\/centres-techniques-des-villes\/"]}]},{"@type":"BreadcrumbList","@id":"https:\/\/www.megabloc.de\/fr\/domaines-dutilisation-application\/centres-techniques-des-villes\/#breadcrumb","itemListElement":[{"@type":"ListItem","position":1,"name":"Home","item":"https:\/\/www.megabloc.de\/fr\/"},{"@type":"ListItem","position":2,"name":"Applications par domaines","item":"https:\/\/www.megabloc.de\/fr\/domaines-dutilisation-application\/"},{"@type":"ListItem","position":3,"name":"CENTRES TECHNIQUES DES VILLES"}]},{"@type":"WebSite","@id":"https:\/\/www.megabloc.de\/fr\/#website","url":"https:\/\/www.megabloc.de\/fr\/","name":"MEGABLOC","description":"BLOCS B\u00c9TON EMPILABLES: L'ORIGINAL","potentialAction":[{"@type":"SearchAction","target":{"@type":"EntryPoint","urlTemplate":"https:\/\/www.megabloc.de\/fr\/?s={search_term_string}"},"query-input":{"@type":"PropertyValueSpecification","valueRequired":true,"valueName":"search_term_string"}}],"inLanguage":"fr-FR"}]}},"_links":{"self":[{"href":"https:\/\/www.megabloc.de\/fr\/wp-json\/wp\/v2\/pages\/3004","targetHints":{"allow":["GET"]}}],"collection":[{"href":"https:\/\/www.megabloc.de\/fr\/wp-json\/wp\/v2\/pages"}],"about":[{"href":"https:\/\/www.megabloc.de\/fr\/wp-json\/wp\/v2\/types\/page"}],"author":[{"embeddable":true,"href":"https:\/\/www.megabloc.de\/fr\/wp-json\/wp\/v2\/users\/3"}],"replies":[{"embeddable":true,"href":"https:\/\/www.megabloc.de\/fr\/wp-json\/wp\/v2\/comments?post=3004"}],"version-history":[{"count":4,"href":"https:\/\/www.megabloc.de\/fr\/wp-json\/wp\/v2\/pages\/3004\/revisions"}],"predecessor-version":[{"id":3008,"href":"https:\/\/www.megabloc.de\/fr\/wp-json\/wp\/v2\/pages\/3004\/revisions\/3008"}],"up":[{"embeddable":true,"href":"https:\/\/www.megabloc.de\/fr\/wp-json\/wp\/v2\/pages\/2971"}],"wp:attachment":[{"href":"https:\/\/www.megabloc.de\/fr\/wp-json\/wp\/v2\/media?parent=3004"}],"curies":[{"name":"wp","href":"https:\/\/api.w.org\/{rel}","templated":true}]}}