{"id":3117,"date":"2014-12-23T10:12:38","date_gmt":"2014-12-23T09:12:38","guid":{"rendered":"http:\/\/www.megabloc.de\/?page_id=3117"},"modified":"2025-12-19T19:01:05","modified_gmt":"2025-12-19T18:01:05","slug":"contacts","status":"publish","type":"page","link":"https:\/\/www.megabloc.de\/fr\/contacts\/","title":{"rendered":"CONTACTS"},"content":{"rendered":"<div class=\"wpb-content-wrapper\"><p>[vc_row row_id=\u00a0\u00bbcontact-page\u00a0\u00bb el_class=\u00a0\u00bbcontact-page\u00a0\u00bb css=\u00a0\u00bb.vc_custom_1441298702344{margin-top: 40px !important;padding-top: 20px !important;}\u00a0\u00bb][vc_column][vc_row_inner equal_height=\u00a0\u00bbyes\u00a0\u00bb][vc_column_inner width=\u00a0\u00bb2\/3&Prime;][vc_column_text]<\/p>\n<h1>Nous sommes \u00e0 votre enti\u00e8re disposition.<\/h1>\n<p>Vous souhaitez obtenir plus d\u2019informations sur les blocs b\u00e9ton de MEGABLOC\u00a0?\u00a0Notre \u00e9quipe comp\u00e9tente se fera un plaisir de r\u00e9pondre \u00e0 vos questions et d\u2019accueillir vos id\u00e9es.[\/vc_column_text][\/vc_column_inner][vc_column_inner width=\u00a0\u00bb1\/3&Prime; css=\u00a0\u00bb.vc_custom_1518689614835{padding: 20px !important;background-image: url(\/wp-content\/uploads\/2014\/12\/tp-pattern.png?id=56) !important;}\u00a0\u00bb][vc_column_text]<\/p>\n<h3><\/h3>\n<h3>LIENS<\/h3>\n<p><a href=\"#kontaktformular\">FORMULAIRE DE CONTACT<br \/>\n<\/a><a href=\"#contact-address\">SITES<br \/>\n<\/a><a href=\"https:\/\/www.megabloc.de\/fr\/contacts\/#ansprechpartner\">INTERLOCUTEURS<\/a>[\/vc_column_text][\/vc_column_inner][\/vc_row_inner][vc_row_inner][vc_column_inner el_class=\u00a0\u00bbcontact-form\u00a0\u00bb width=\u00a0\u00bb1\/2&Prime;][vc_column_text]<\/p>\n<div id=\"kontaktformular\" class=\"contact-heading\">\n<h2>Contacts<\/h2>\n<p>Avez-vous des questions concernant nos produits ou besoin de conseils ?\u00a0Nous sommes \u00e0 votre disposition.<\/p>\n<\/div>\n<p>[\/vc_column_text][vc_column_text]\n<div class=\"wpcf7 no-js\" id=\"wpcf7-f2711-o1\" lang=\"fr-FR\" dir=\"ltr\" data-wpcf7-id=\"2711\">\n<div class=\"screen-reader-response\"><p role=\"status\" aria-live=\"polite\" aria-atomic=\"true\"><\/p> <ul><\/ul><\/div>\n<form action=\"\/fr\/wp-json\/wp\/v2\/pages\/3117#wpcf7-f2711-o1\" method=\"post\" class=\"wpcf7-form init\" aria-label=\"Formulaire de contact\" novalidate=\"novalidate\" data-status=\"init\">\n<fieldset class=\"hidden-fields-container\"><input type=\"hidden\" name=\"_wpcf7\" value=\"2711\" \/><input type=\"hidden\" name=\"_wpcf7_version\" value=\"6.1.5\" \/><input type=\"hidden\" name=\"_wpcf7_locale\" value=\"fr_FR\" \/><input type=\"hidden\" name=\"_wpcf7_unit_tag\" value=\"wpcf7-f2711-o1\" \/><input type=\"hidden\" name=\"_wpcf7_container_post\" value=\"0\" \/><input type=\"hidden\" name=\"_wpcf7_posted_data_hash\" value=\"\" \/>\n<\/fieldset>\n<p>VOTRE NOM (CHAMP OBLIGATOIRE)\n<\/p>\n<p><span class=\"wpcf7-form-control-wrap\" data-name=\"your-name\"><input size=\"40\" maxlength=\"400\" class=\"wpcf7-form-control wpcf7-text wpcf7-validates-as-required\" aria-required=\"true\" aria-invalid=\"false\" value=\"\" type=\"text\" name=\"your-name\" \/><\/span>\n<\/p>\n<p>VOTRE ADRESSE E-MAIL (CHAMP OBLIGATOIRE)\n<\/p>\n<p><span class=\"wpcf7-form-control-wrap\" data-name=\"your-email\"><input size=\"40\" maxlength=\"400\" class=\"wpcf7-form-control wpcf7-email wpcf7-validates-as-required wpcf7-text wpcf7-validates-as-email\" aria-required=\"true\" aria-invalid=\"false\" value=\"\" type=\"email\" name=\"your-email\" \/><\/span>\n<\/p>\n<p>VOTRE NUM\u00c9RO DE T\u00c9L\u00c9PHONE (CHAMP OBLIGATOIRE)\n<\/p>\n<p><span class=\"wpcf7-form-control-wrap\" data-name=\"your-phone\"><input size=\"40\" maxlength=\"400\" class=\"wpcf7-form-control wpcf7-tel wpcf7-validates-as-required wpcf7-text wpcf7-validates-as-tel\" aria-required=\"true\" aria-invalid=\"false\" value=\"\" type=\"tel\" name=\"your-phone\" \/><\/span>\n<\/p>\n<p>CONCERNE (CHAMP OBLIGATOIRE)\n<\/p>\n<p><span class=\"wpcf7-form-control-wrap\" data-name=\"your-subject\"><input size=\"40\" maxlength=\"400\" class=\"wpcf7-form-control wpcf7-text wpcf7-validates-as-required\" aria-required=\"true\" aria-invalid=\"false\" value=\"\" type=\"text\" name=\"your-subject\" \/><\/span>\n<\/p>\n<p>VOTRE MESSAGE (CHAMP OBLIGATOIRE)\n<\/p>\n<p><span class=\"wpcf7-form-control-wrap\" data-name=\"your-message\"><textarea cols=\"40\" rows=\"10\" maxlength=\"2000\" class=\"wpcf7-form-control wpcf7-textarea wpcf7-validates-as-required\" aria-required=\"true\" aria-invalid=\"false\" name=\"your-message\"><\/textarea><\/span>\n<\/p>\n<p>NEWSLETTER? <span class=\"wpcf7-form-control-wrap\" data-name=\"Newsletter\"><span class=\"wpcf7-form-control wpcf7-checkbox wpcf7-validates-as-required wpcf7-exclusive-checkbox\"><span class=\"wpcf7-list-item first\"><label><span class=\"wpcf7-list-item-label\">oui<\/span><input type=\"checkbox\" name=\"Newsletter\" value=\"oui\" \/><\/label><\/span><span class=\"wpcf7-list-item last\"><label><span class=\"wpcf7-list-item-label\">non<\/span><input type=\"checkbox\" name=\"Newsletter\" value=\"non\" \/><\/label><\/span><\/span><\/span>\n<\/p>\n<p>Les donn\u00e9es envoy\u00e9es seront trait\u00e9es uniquement dans le but de traiter votre demande. Pour plus d'informations, consultez notre POLITIQUE DE CONFIDENTIALIT\u00c9\n<\/p>\n<p><input class=\"wpcf7-form-control wpcf7-submit has-spinner\" type=\"submit\" value=\"ENVOYER\" \/>\n<\/p><div class=\"wpcf7-response-output\" aria-hidden=\"true\"><\/div>\n<\/form>\n<\/div>\n[\/vc_column_text][\/vc_column_inner][vc_column_inner el_class=\u00a0\u00bbcol-md-offset-1 col-md-5 investor-info\u00a0\u00bb width=\u00a0\u00bb1\/2&Prime;][vc_column_text]<\/p>\n<div class=\"contact-heading\">\n<h2>Vous souhaitez recevoir une offre?<\/h2>\n<p>Nous vous faisons, avec plaisir, parvenir une offre individuelle, sur mesure. Envoyez-nous, tout simplement, un croquis par fax ou e-mail\u00a0!\u00a0Nous sommes s\u00fbrs que MEGABLOC sera une solution avantageuse et int\u00e9ressante pour votre projet de construction pr\u00e9vues.\u00a0Si vous avez encore des questions ou des souhaits, vous pouvez joindre notre \u00e9quipe MEGABLOC par t\u00e9l\u00e9phone, e-mail ou fax.\u00a0Se d\u00e9cider pour MEGABLOC, c\u2019est investir dans l\u2019ordre, l\u2018exp\u00e9rience et l\u2019accompagnement sp\u00e9cifique au client.<\/p>\n<\/div>\n<div class=\"ct-support\">\n<h3>Hotline<\/h3>\n<p><img loading=\"lazy\" decoding=\"async\" class=\"alignnone wp-image-3767\" src=\"https:\/\/www.megabloc.de\/wp-content\/uploads\/2016\/02\/Flag_of_France.svg_-300x200.png\" width=\"30\" height=\"20\" srcset=\"https:\/\/www.megabloc.de\/wp-content\/uploads\/2016\/02\/Flag_of_France.svg_-300x200.png 300w, https:\/\/www.megabloc.de\/wp-content\/uploads\/2016\/02\/Flag_of_France.svg_-768x512.png 768w, https:\/\/www.megabloc.de\/wp-content\/uploads\/2016\/02\/Flag_of_France.svg_.png 900w\" sizes=\"auto, (max-width:767px) 30px, 30px\" \/><br \/>\n<i class=\"icon-phone\" style=\"\" aria-hidden=\"true\"><\/i> +33(0)3 88 57 24 76<br \/>\n<i class=\"icon-mail\" style=\"\" aria-hidden=\"true\"><\/i> <a href=\"mailto:info@megabloc.fr\">info@megabloc.fr<\/a><\/p>\n<\/div>\n<p class=\"investor-support\"><img loading=\"lazy\" decoding=\"async\" class=\"alignnone wp-image-3722\" src=\"https:\/\/www.megabloc.de\/wp-content\/uploads\/2015\/04\/Flag-Switzerland-Kopie.jpg\" width=\"30\" height=\"20\" \/><br \/>\n<i class=\"icon-phone\" style=\"\" aria-hidden=\"true\"><\/i> +41(0)43 843 94 86<br \/>\n<i class=\"icon-mail\" style=\"\" aria-hidden=\"true\"><\/i> <a href=\"mailto:info@megabloc.ch\">info@megabloc.ch<\/a><\/p>\n<h3><\/h3>\n<h3>Informations concernant les produits<\/h3>\n<p>Nous vous enverrons avec plaisir des informations d\u00e9taill\u00e9es concernant nos produits.[\/vc_column_text][\/vc_column_inner][\/vc_row_inner][\/vc_column][\/vc_row][vc_row full_width=\u00a0\u00bbstretch_row\u00a0\u00bb row_id=\u00a0\u00bbcontact-address\u00a0\u00bb css=\u00a0\u00bb.vc_custom_1576351202777{background-image: url(https:\/\/www.megabloc.de\/wp-content\/uploads\/2014\/12\/tp-pattern1.png?id=510) !important;}\u00a0\u00bb el_id=\u00a0\u00bbcontact-address\u00a0\u00bb][vc_column][vc_row_inner][vc_column_inner el_class=\u00a0\u00bbtp-heading-title\u00a0\u00bb][vc_column_text]<\/p>\n<h2 style=\"text-align: center;\">EMPLACEMENTS: CONTACT ET ADRESSES<\/h2>\n<p>[\/vc_column_text][\/vc_column_inner][\/vc_row_inner][vc_row_inner][vc_column_inner width=\u00a0\u00bb1\/3&Prime;][vc_column_text]<\/p>\n<h3>MAISON-M\u00c8RE METZINGEN\/ALLEMAGNE<\/h3>\n<p><i class=\"icon-location\" style=\"\" aria-hidden=\"true\"><\/i> <strong>MEGABLOC GmbH &amp; Co. KG<br \/>\n<\/strong>Ziegeleistra\u00dfe 19<br \/>\nD-72555 Metzingen<br \/>\n<i class=\"icon-phone\" style=\"\" aria-hidden=\"true\"><\/i> +49(0)7123\/961-160<br \/>\n<i class=\"icon-mail\" style=\"\" aria-hidden=\"true\"><\/i>\u00a0 <a href=\"mailto:info@megabloc.de\">info@megabloc.de<\/a>[\/vc_column_text][\/vc_column_inner][vc_column_inner width=\u00a0\u00bb1\/3&Prime;][vc_column_text]<\/p>\n<h3>Ventes France<\/h3>\n<p><i class=\"icon-location\" style=\"\" aria-hidden=\"true\"><\/i> <strong>MEGABLOC GmbH &amp; Co. KG<br \/>\n<\/strong>9 rue du coll\u00e8ge<br \/>\nF-67650 Dambach la Ville<br \/>\n<i class=\"icon-phone\" style=\"\" aria-hidden=\"true\"><\/i> +33(0)3 88 57 24 76<br \/>\n<i class=\"icon-mail\" style=\"\" aria-hidden=\"true\"><\/i> <a href=\"mailto:info@megabloc.de\">info@megabloc.fr<\/a>[\/vc_column_text][\/vc_column_inner][vc_column_inner width=\u00a0\u00bb1\/3&Prime;][vc_column_text]<\/p>\n<h3>Filiale Suisse<\/h3>\n<p><i class=\"icon-location\" style=\"\" aria-hidden=\"true\"><\/i> <strong>MEGABLOC AG<br \/>\n<\/strong>Seestrasse 1037<br \/>\nCH-8706 Meilen<br \/>\n<i class=\"icon-phone\" style=\"\" aria-hidden=\"true\"><\/i> +41 43 843 94 86<br \/>\n<i class=\"icon-mail\" style=\"\" aria-hidden=\"true\"><\/i> <a href=\"mailto:info@megabloc.de\">info@megabloc.ch<\/a>[\/vc_column_text][\/vc_column_inner][\/vc_row_inner][\/vc_column][\/vc_row][vc_row el_id=\u00a0\u00bbansprechpartner\u00a0\u00bb][vc_column][vc_row_inner][vc_column_inner][vc_column_text]<\/p>\n<h2 id=\"ansprechpartner\" style=\"text-align: center;\">INTERLOCUTEURS<\/h2>\n<p style=\"text-align: center;\">Appelez-nous ou envoyez-nous un e-mail \u2013 notre \u00e9quipe de vente est \u00e0 votre disposition.<\/p>\n<p>[\/vc_column_text][\/vc_column_inner][\/vc_row_inner][vc_row_inner][vc_column_inner width=\u00a0\u00bb1\/3&Prime;]<div class=\"team team_vertical\"><div class=\"image_frame photo no_link scale-with-grid\"><div class=\"image_wrapper\"><img loading=\"lazy\" decoding=\"async\" class=\"scale-with-grid\" src=\"https:\/\/www.megabloc.de\/wp-content\/uploads\/2023\/01\/ralf-schnizler-megabloc.jpg\" alt=\"ralf schnizler megabloc\" width=\"265\" height=\"353\"\/><\/div><\/div><div class=\"desc_wrapper clearfix\"><h4 class=\"desc_wrappper_title \">RALF SCHNIZLER<\/h4><p class=\"subtitle\">Directeur<\/p><p class=\"phone\"><i class=\"icon-phone\"><\/i> <a href=\"tel:+49 7123 961 145\" aria-label=\"phone\">+49 7123 961 145<\/a><\/p><hr class=\"hr_color\" \/><div class=\"desc\">Telefax +49 7123 961 288145<\/div><div class=\"links\"><a href=\"mailto:R.SCHNITZLER@MEGABLOC.CH\" class=\"icon_bar icon_bar_small mail\" aria-label=\"mail\"><span class=\"t\"><i class=\"icon-mail\"><\/i><\/span><span class=\"b\"><i class=\"icon-mail\" aria-hidden=\"true\"><\/i><\/span><\/a><\/div><\/div><\/div>\n[\/vc_column_inner][vc_column_inner width=\u00a0\u00bb1\/3&Prime;]<div class=\"team team_vertical\"><div class=\"image_frame photo no_link scale-with-grid\"><div class=\"image_wrapper\"><img loading=\"lazy\" decoding=\"async\" class=\"scale-with-grid\" src=\"https:\/\/www.megabloc.de\/wp-content\/uploads\/2016\/03\/Muller_4.jpg\" alt=\"MEGABLOC Muller France\" width=\"300\" height=\"351\"\/><\/div><\/div><div class=\"desc_wrapper clearfix\"><h4 class=\"desc_wrappper_title \">DOMINIQUE MULLER<\/h4><p class=\"subtitle\">Ventes \u2013 France<\/p><p class=\"phone\"><i class=\"icon-phone\"><\/i> <a href=\"tel:+33(0)3 88 57 24 76\" aria-label=\"phone\">+33(0)3 88 57 24 76<\/a><\/p><hr class=\"hr_color\" \/><div class=\"desc\">Telefax +49 7123 961 111<\/div><div class=\"links\"><a href=\"mailto:info@megabloc.fr\" class=\"icon_bar icon_bar_small mail\" aria-label=\"mail\"><span class=\"t\"><i class=\"icon-mail\"><\/i><\/span><span class=\"b\"><i class=\"icon-mail\" aria-hidden=\"true\"><\/i><\/span><\/a><\/div><\/div><\/div>\n[\/vc_column_inner][vc_column_inner width=\u00a0\u00bb1\/3&Prime;]<div class=\"team team_vertical\"><div class=\"image_frame photo no_link scale-with-grid\"><div class=\"image_wrapper\"><img loading=\"lazy\" decoding=\"async\" class=\"scale-with-grid\" src=\"https:\/\/www.megabloc.de\/wp-content\/uploads\/2023\/01\/ralf-schnizler-megabloc.jpg\" alt=\"ralf schnizler megabloc\" width=\"265\" height=\"353\"\/><\/div><\/div><div class=\"desc_wrapper clearfix\"><h4 class=\"desc_wrappper_title \">Ralf Schnizler<\/h4><p class=\"subtitle\">Ventes \u2013 Suisse et Italie<\/p><p class=\"phone\"><i class=\"icon-phone\"><\/i> <a href=\"tel:+41 43 843 94 86\" aria-label=\"phone\">+41 43 843 94 86<\/a><\/p><hr class=\"hr_color\" \/><div class=\"desc\">Telefax +49 7123 961 111<\/div><div class=\"links\"><a href=\"mailto:R.SCHNIZLER@MEGABLOC.CH\" class=\"icon_bar icon_bar_small mail\" aria-label=\"mail\"><span class=\"t\"><i class=\"icon-mail\"><\/i><\/span><span class=\"b\"><i class=\"icon-mail\" aria-hidden=\"true\"><\/i><\/span><\/a><\/div><\/div><\/div>\n[\/vc_column_inner][\/vc_row_inner][vc_row_inner][vc_column_inner width=\u00a0\u00bb1\/3&Prime;]<div class=\"team team_vertical\"><div class=\"image_frame photo no_link scale-with-grid\"><div class=\"image_wrapper\"><img loading=\"lazy\" decoding=\"async\" class=\"scale-with-grid\" src=\"https:\/\/www.megabloc.de\/wp-content\/uploads\/2022\/10\/kerstin-troester-megabloc-1.jpg\" alt=\"kerstin troester megabloc\" width=\"300\" height=\"350\"\/><\/div><\/div><div class=\"desc_wrapper clearfix\"><h4 class=\"desc_wrappper_title \">KERSTIN TR\u00d6STER<\/h4><p class=\"subtitle\">Ventes \u2013 International<\/p><p class=\"phone\"><i class=\"icon-phone\"><\/i> <a href=\"tel:+49 7123 961 148\" aria-label=\"phone\">+49 7123 961 148<\/a><\/p><hr class=\"hr_color\" \/><div class=\"desc\">Telefax +49 7123 961 288148<\/div><div class=\"links\"><a href=\"mailto:KERSTIN.TROESTER@MEGABLOC.FR\" class=\"icon_bar icon_bar_small mail\" aria-label=\"mail\"><span class=\"t\"><i class=\"icon-mail\"><\/i><\/span><span class=\"b\"><i class=\"icon-mail\" aria-hidden=\"true\"><\/i><\/span><\/a><\/div><\/div><\/div>\n[\/vc_column_inner][vc_column_inner width=\u00a0\u00bb1\/3&Prime;]<div class=\"team team_vertical\"><div class=\"image_frame photo no_link scale-with-grid\"><div class=\"image_wrapper\"><img loading=\"lazy\" decoding=\"async\" class=\"scale-with-grid\" src=\"https:\/\/www.megabloc.de\/wp-content\/uploads\/2022\/10\/mats-neumann-megabloc-1.jpg\" alt=\"mats neumann megabloc\" width=\"300\" height=\"350\"\/><\/div><\/div><div class=\"desc_wrapper clearfix\"><h4 class=\"desc_wrappper_title \">MATS NEUMANN<\/h4><p class=\"subtitle\">Ventes \u2013 Allemagne<\/p><p class=\"phone\"><i class=\"icon-phone\"><\/i> <a href=\"tel:+49 7123 961 143\" aria-label=\"phone\">+49 7123 961 143<\/a><\/p><hr class=\"hr_color\" \/><div class=\"desc\">Telefax +49 7123 961 288143<\/div><div class=\"links\"><a href=\"mailto:M.NEUMANN@MEGABLOC.CH\" class=\"icon_bar icon_bar_small mail\" aria-label=\"mail\"><span class=\"t\"><i class=\"icon-mail\"><\/i><\/span><span class=\"b\"><i class=\"icon-mail\" aria-hidden=\"true\"><\/i><\/span><\/a><\/div><\/div><\/div>\n[\/vc_column_inner][\/vc_row_inner][vc_row_inner][vc_column_inner width=\u00a0\u00bb1\/3&Prime;]<div class=\"team team_vertical\"><div class=\"image_frame photo no_link scale-with-grid\"><div class=\"image_wrapper\"><img loading=\"lazy\" decoding=\"async\" class=\"scale-with-grid\" src=\"https:\/\/www.megabloc.de\/wp-content\/uploads\/2022\/10\/anna-klotz-megabloc-1.jpg\" alt=\"anna klotz megabloc\" width=\"300\" height=\"350\"\/><\/div><\/div><div class=\"desc_wrapper clearfix\"><h4 class=\"desc_wrappper_title \">ANNA KLOTZ<\/h4><p class=\"subtitle\">Ventes \u2013 International<\/p><p class=\"phone\"><i class=\"icon-phone\"><\/i> <a href=\"tel:+49 7123 961 146\" aria-label=\"phone\">+49 7123 961 146<\/a><\/p><hr class=\"hr_color\" \/><div class=\"desc\">Telefax +49 7123 961 111<\/div><div class=\"links\"><a href=\"mailto:A.KLOTZ@MEGABLOC.FR\" class=\"icon_bar icon_bar_small mail\" aria-label=\"mail\"><span class=\"t\"><i class=\"icon-mail\"><\/i><\/span><span class=\"b\"><i class=\"icon-mail\" aria-hidden=\"true\"><\/i><\/span><\/a><\/div><\/div><\/div>\n[\/vc_column_inner][\/vc_row_inner][\/vc_column][\/vc_row]<\/p>\n<\/div>","protected":false},"excerpt":{"rendered":"<p>[vc_row row_id=\u00a0\u00bbcontact-page\u00a0\u00bb el_class=\u00a0\u00bbcontact-page\u00a0\u00bb css=\u00a0\u00bb.vc_custom_1441298702344{margin-top: 40px !important;padding-top: 20px !important;}\u00a0\u00bb][vc_column][vc_row_inner equal_height=\u00a0\u00bbyes\u00a0\u00bb][vc_column_inner width=\u00a0\u00bb2\/3&Prime;][vc_column_text] Nous sommes \u00e0 votre enti\u00e8re disposition. Vous souhaitez obtenir plus d\u2019informations sur les blocs b\u00e9ton de<span class=\"excerpt-hellip\"> [\u2026]<\/span><\/p>\n","protected":false},"author":3,"featured_media":-1,"parent":0,"menu_order":0,"comment_status":"open","ping_status":"open","template":"","meta":{"footnotes":""},"class_list":["post-3117","page","type-page","status-publish","has-post-thumbnail","hentry"],"yoast_head":"<!-- This site is optimized with the Yoast SEO plugin v27.3 - https:\/\/yoast.com\/product\/yoast-seo-wordpress\/ -->\n<title>CONTACTS - MEGABLOC<\/title>\n<meta name=\"robots\" content=\"index, follow, max-snippet:-1, max-image-preview:large, max-video-preview:-1\" \/>\n<link rel=\"canonical\" href=\"https:\/\/www.megabloc.de\/fr\/contacts\/\" \/>\n<meta property=\"og:locale\" content=\"fr_FR\" \/>\n<meta property=\"og:type\" content=\"article\" \/>\n<meta property=\"og:title\" content=\"CONTACTS - MEGABLOC\" \/>\n<meta property=\"og:description\" content=\"[vc_row row_id=\u00a0\u00bbcontact-page\u00a0\u00bb el_class=\u00a0\u00bbcontact-page\u00a0\u00bb css=\u00a0\u00bb.vc_custom_1441298702344{margin-top: 40px !important;padding-top: 20px !important;}\u00a0\u00bb][vc_column][vc_row_inner equal_height=\u00a0\u00bbyes\u00a0\u00bb][vc_column_inner width=\u00a0\u00bb2\/3&Prime;][vc_column_text] Nous sommes \u00e0 votre enti\u00e8re disposition. Vous souhaitez obtenir plus d\u2019informations sur les blocs b\u00e9ton de [\u2026]\" \/>\n<meta property=\"og:url\" content=\"https:\/\/www.megabloc.de\/fr\/contacts\/\" \/>\n<meta property=\"og:site_name\" content=\"MEGABLOC\" \/>\n<meta property=\"article:modified_time\" content=\"2025-12-19T18:01:05+00:00\" \/>\n<meta name=\"twitter:card\" content=\"summary_large_image\" \/>\n<meta name=\"twitter:label1\" content=\"Dur\u00e9e de lecture estim\u00e9e\" \/>\n\t<meta name=\"twitter:data1\" content=\"4 minutes\" \/>\n<script type=\"application\/ld+json\" class=\"yoast-schema-graph\">{\"@context\":\"https:\\\/\\\/schema.org\",\"@graph\":[{\"@type\":\"WebPage\",\"@id\":\"https:\\\/\\\/www.megabloc.de\\\/fr\\\/contacts\\\/\",\"url\":\"https:\\\/\\\/www.megabloc.de\\\/fr\\\/contacts\\\/\",\"name\":\"CONTACTS - MEGABLOC\",\"isPartOf\":{\"@id\":\"https:\\\/\\\/www.megabloc.de\\\/fr\\\/#website\"},\"primaryImageOfPage\":{\"@id\":\"https:\\\/\\\/www.megabloc.de\\\/fr\\\/contacts\\\/#primaryimage\"},\"image\":{\"@id\":\"https:\\\/\\\/www.megabloc.de\\\/fr\\\/contacts\\\/#primaryimage\"},\"thumbnailUrl\":\"https:\\\/\\\/www.megabloc.de\\\/wp-content\\\/uploads\\\/2016\\\/02\\\/Flag_of_France.svg_-300x200.png\",\"datePublished\":\"2014-12-23T09:12:38+00:00\",\"dateModified\":\"2025-12-19T18:01:05+00:00\",\"breadcrumb\":{\"@id\":\"https:\\\/\\\/www.megabloc.de\\\/fr\\\/contacts\\\/#breadcrumb\"},\"inLanguage\":\"fr-FR\",\"potentialAction\":[{\"@type\":\"ReadAction\",\"target\":[\"https:\\\/\\\/www.megabloc.de\\\/fr\\\/contacts\\\/\"]}]},{\"@type\":\"ImageObject\",\"inLanguage\":\"fr-FR\",\"@id\":\"https:\\\/\\\/www.megabloc.de\\\/fr\\\/contacts\\\/#primaryimage\",\"url\":\"https:\\\/\\\/www.megabloc.de\\\/wp-content\\\/uploads\\\/2016\\\/02\\\/Flag_of_France.svg_-300x200.png\",\"contentUrl\":\"https:\\\/\\\/www.megabloc.de\\\/wp-content\\\/uploads\\\/2016\\\/02\\\/Flag_of_France.svg_-300x200.png\"},{\"@type\":\"BreadcrumbList\",\"@id\":\"https:\\\/\\\/www.megabloc.de\\\/fr\\\/contacts\\\/#breadcrumb\",\"itemListElement\":[{\"@type\":\"ListItem\",\"position\":1,\"name\":\"Home\",\"item\":\"https:\\\/\\\/www.megabloc.de\\\/fr\\\/\"},{\"@type\":\"ListItem\",\"position\":2,\"name\":\"CONTACTS\"}]},{\"@type\":\"WebSite\",\"@id\":\"https:\\\/\\\/www.megabloc.de\\\/fr\\\/#website\",\"url\":\"https:\\\/\\\/www.megabloc.de\\\/fr\\\/\",\"name\":\"MEGABLOC\",\"description\":\"BLOCS B\u00c9TON EMPILABLES: L'ORIGINAL\",\"potentialAction\":[{\"@type\":\"SearchAction\",\"target\":{\"@type\":\"EntryPoint\",\"urlTemplate\":\"https:\\\/\\\/www.megabloc.de\\\/fr\\\/?s={search_term_string}\"},\"query-input\":{\"@type\":\"PropertyValueSpecification\",\"valueRequired\":true,\"valueName\":\"search_term_string\"}}],\"inLanguage\":\"fr-FR\"}]}<\/script>\n<!-- \/ Yoast SEO plugin. -->","yoast_head_json":{"title":"CONTACTS - MEGABLOC","robots":{"index":"index","follow":"follow","max-snippet":"max-snippet:-1","max-image-preview":"max-image-preview:large","max-video-preview":"max-video-preview:-1"},"canonical":"https:\/\/www.megabloc.de\/fr\/contacts\/","og_locale":"fr_FR","og_type":"article","og_title":"CONTACTS - MEGABLOC","og_description":"[vc_row row_id=\u00a0\u00bbcontact-page\u00a0\u00bb el_class=\u00a0\u00bbcontact-page\u00a0\u00bb css=\u00a0\u00bb.vc_custom_1441298702344{margin-top: 40px !important;padding-top: 20px !important;}\u00a0\u00bb][vc_column][vc_row_inner equal_height=\u00a0\u00bbyes\u00a0\u00bb][vc_column_inner width=\u00a0\u00bb2\/3&Prime;][vc_column_text] Nous sommes \u00e0 votre enti\u00e8re disposition. Vous souhaitez obtenir plus d\u2019informations sur les blocs b\u00e9ton de [\u2026]","og_url":"https:\/\/www.megabloc.de\/fr\/contacts\/","og_site_name":"MEGABLOC","article_modified_time":"2025-12-19T18:01:05+00:00","twitter_card":"summary_large_image","twitter_misc":{"Dur\u00e9e de lecture estim\u00e9e":"4 minutes"},"schema":{"@context":"https:\/\/schema.org","@graph":[{"@type":"WebPage","@id":"https:\/\/www.megabloc.de\/fr\/contacts\/","url":"https:\/\/www.megabloc.de\/fr\/contacts\/","name":"CONTACTS - MEGABLOC","isPartOf":{"@id":"https:\/\/www.megabloc.de\/fr\/#website"},"primaryImageOfPage":{"@id":"https:\/\/www.megabloc.de\/fr\/contacts\/#primaryimage"},"image":{"@id":"https:\/\/www.megabloc.de\/fr\/contacts\/#primaryimage"},"thumbnailUrl":"https:\/\/www.megabloc.de\/wp-content\/uploads\/2016\/02\/Flag_of_France.svg_-300x200.png","datePublished":"2014-12-23T09:12:38+00:00","dateModified":"2025-12-19T18:01:05+00:00","breadcrumb":{"@id":"https:\/\/www.megabloc.de\/fr\/contacts\/#breadcrumb"},"inLanguage":"fr-FR","potentialAction":[{"@type":"ReadAction","target":["https:\/\/www.megabloc.de\/fr\/contacts\/"]}]},{"@type":"ImageObject","inLanguage":"fr-FR","@id":"https:\/\/www.megabloc.de\/fr\/contacts\/#primaryimage","url":"https:\/\/www.megabloc.de\/wp-content\/uploads\/2016\/02\/Flag_of_France.svg_-300x200.png","contentUrl":"https:\/\/www.megabloc.de\/wp-content\/uploads\/2016\/02\/Flag_of_France.svg_-300x200.png"},{"@type":"BreadcrumbList","@id":"https:\/\/www.megabloc.de\/fr\/contacts\/#breadcrumb","itemListElement":[{"@type":"ListItem","position":1,"name":"Home","item":"https:\/\/www.megabloc.de\/fr\/"},{"@type":"ListItem","position":2,"name":"CONTACTS"}]},{"@type":"WebSite","@id":"https:\/\/www.megabloc.de\/fr\/#website","url":"https:\/\/www.megabloc.de\/fr\/","name":"MEGABLOC","description":"BLOCS B\u00c9TON EMPILABLES: L'ORIGINAL","potentialAction":[{"@type":"SearchAction","target":{"@type":"EntryPoint","urlTemplate":"https:\/\/www.megabloc.de\/fr\/?s={search_term_string}"},"query-input":{"@type":"PropertyValueSpecification","valueRequired":true,"valueName":"search_term_string"}}],"inLanguage":"fr-FR"}]}},"_links":{"self":[{"href":"https:\/\/www.megabloc.de\/fr\/wp-json\/wp\/v2\/pages\/3117","targetHints":{"allow":["GET"]}}],"collection":[{"href":"https:\/\/www.megabloc.de\/fr\/wp-json\/wp\/v2\/pages"}],"about":[{"href":"https:\/\/www.megabloc.de\/fr\/wp-json\/wp\/v2\/types\/page"}],"author":[{"embeddable":true,"href":"https:\/\/www.megabloc.de\/fr\/wp-json\/wp\/v2\/users\/3"}],"replies":[{"embeddable":true,"href":"https:\/\/www.megabloc.de\/fr\/wp-json\/wp\/v2\/comments?post=3117"}],"version-history":[{"count":53,"href":"https:\/\/www.megabloc.de\/fr\/wp-json\/wp\/v2\/pages\/3117\/revisions"}],"predecessor-version":[{"id":6867,"href":"https:\/\/www.megabloc.de\/fr\/wp-json\/wp\/v2\/pages\/3117\/revisions\/6867"}],"wp:featuredmedia":[{"embeddable":true,"href":"https:\/\/www.megabloc.de\/fr\/wp-json\/"}],"wp:attachment":[{"href":"https:\/\/www.megabloc.de\/fr\/wp-json\/wp\/v2\/media?parent=3117"}],"curies":[{"name":"wp","href":"https:\/\/api.w.org\/{rel}","templated":true}]}}