{"id":3136,"date":"2016-02-08T10:39:05","date_gmt":"2016-02-08T09:39:05","guid":{"rendered":"http:\/\/www.megabloc.de\/?page_id=3136"},"modified":"2016-03-16T15:03:55","modified_gmt":"2016-03-16T14:03:55","slug":"page-header","status":"publish","type":"page","link":"https:\/\/www.megabloc.de\/fr\/page-header\/","title":{"rendered":"Page Header"},"content":{"rendered":"<div class=\"wpb-content-wrapper\"><p>[vc_row row_id=\u00a0\u00bbheader-row\u00a0\u00bb el_class=\u00a0\u00bbheader-row header-1&Prime;][vc_column width=\u00a0\u00bb2\/12&Prime;][st_logo source_img=\u00a0\u00bbst_logo\u00a0\u00bb logo_img=\u00a0\u00bb742&Prime;][\/vc_column][vc_column width=\u00a0\u00bb7\/12&Prime;][vc_column_text]<\/p>\n<div class=\"contact-info\">\n<h2>Le syst\u00e8me original de murs de s\u00e9paration en b\u00e9ton<\/h2>\n<\/div>\n<p>[\/vc_column_text][\/vc_column][vc_column width=\u00a0\u00bb1\/12&Prime; css=\u00a0\u00bb.vc_custom_1449480178670{margin-top: -40px !important;padding-top: 17px !important;}\u00a0\u00bb][vc_column_text]<\/p>\n<p><a href=\"https:\/\/de-de.facebook.com\/megabloc.metzingen\">[social class=\u00a0\u00bbsocial-icon pull-right\u00a0\u00bb][social_item <\/a><a>href=\u00a0\u00bbhttps:\/\/www.facebook.com\/megabloc.metzingen<\/a><a href=\"https:\/\/de-de.facebook.com\/koch.kies\">\u00a0\u00bb class=\u00a0\u00bbfa-facebook-square\u00a0\u00bb][\/social_item][\/social]<\/a><\/p>\n<p>[\/vc_column_text][\/vc_column][vc_column width=\u00a0\u00bb2\/12&Prime; css=\u00a0\u00bb.vc_custom_1449480214109{margin-top: 40px !important;}\u00a0\u00bb][vc_column_text]<\/p>\n<p><a href=\"http:\/\/2011.megabloc.de\/index.php?lang=en\" target=\"_blank\"><img loading=\"lazy\" decoding=\"async\" class=\"wp-image-2107 alignnone\" style=\"margin: 2px 5px 0 15px;\" src=\"https:\/\/www.megabloc.de\/wp-content\/uploads\/2015\/09\/en.gif\" alt=\"en\" width=\"20\" height=\"13\" \/><\/a> <a href=\"http:\/\/2011.megabloc.de\/index.php?lang=fr\" target=\"_blank\"><img loading=\"lazy\" decoding=\"async\" class=\"size-full wp-image-2107 alignnone\" style=\"margin-right: 5px;\" src=\"https:\/\/www.megabloc.de\/wp-content\/uploads\/2015\/09\/fr.gif\" alt=\"en\" width=\"20\" height=\"13\" \/><\/a> <a href=\"http:\/\/2011.megabloc.de\/index.php?lang=it\" target=\"_blank\"><img loading=\"lazy\" decoding=\"async\" class=\"size-full wp-image-2107 alignnone\" src=\"https:\/\/www.megabloc.de\/wp-content\/uploads\/2015\/09\/it.gif\" alt=\"en\" width=\"20\" height=\"13\" \/><\/a><\/p>\n<p>[\/vc_column_text][\/vc_column][\/vc_row][vc_row row_id=\u00a0\u00bbtrueHeader\u00a0\u00bb el_class=\u00a0\u00bbtp-navigations\u00a0\u00bb][vc_column][st_menu][\/st_menu][\/vc_column][\/vc_row]<\/p>\n<\/div>","protected":false},"excerpt":{"rendered":"<p>[vc_row row_id=\u00a0\u00bbheader-row\u00a0\u00bb el_class=\u00a0\u00bbheader-row header-1&Prime;][vc_column width=\u00a0\u00bb2\/12&Prime;][st_logo source_img=\u00a0\u00bbst_logo\u00a0\u00bb logo_img=\u00a0\u00bb742&Prime;][\/vc_column][vc_column width=\u00a0\u00bb7\/12&Prime;][vc_column_text] Le syst\u00e8me original de murs de s\u00e9paration en b\u00e9ton [\/vc_column_text][\/vc_column][vc_column width=\u00a0\u00bb1\/12&Prime; css=\u00a0\u00bb.vc_custom_1449480178670{margin-top: -40px !important;padding-top: 17px !important;}\u00a0\u00bb][vc_column_text] [social class=\u00a0\u00bbsocial-icon<span class=\"excerpt-hellip\"> [\u2026]<\/span><\/p>\n","protected":false},"author":3,"featured_media":0,"parent":0,"menu_order":0,"comment_status":"closed","ping_status":"closed","template":"page-templates\/page-home.php","meta":{"footnotes":""},"class_list":["post-3136","page","type-page","status-publish","hentry"],"yoast_head":"<!-- This site is optimized with the Yoast SEO plugin v27.5 - https:\/\/yoast.com\/product\/yoast-seo-wordpress\/ -->\n<title>Page Header - MEGABLOC<\/title>\n<meta name=\"robots\" content=\"index, follow, max-snippet:-1, max-image-preview:large, max-video-preview:-1\" \/>\n<link rel=\"canonical\" href=\"https:\/\/www.megabloc.de\/fr\/page-header\/\" \/>\n<meta property=\"og:locale\" content=\"fr_FR\" \/>\n<meta property=\"og:type\" content=\"article\" \/>\n<meta property=\"og:title\" content=\"Page Header - MEGABLOC\" \/>\n<meta property=\"og:description\" content=\"[vc_row row_id=\u00a0\u00bbheader-row\u00a0\u00bb el_class=\u00a0\u00bbheader-row header-1&Prime;][vc_column width=\u00a0\u00bb2\/12&Prime;][st_logo source_img=\u00a0\u00bbst_logo\u00a0\u00bb logo_img=\u00a0\u00bb742&Prime;][\/vc_column][vc_column width=\u00a0\u00bb7\/12&Prime;][vc_column_text] Le syst\u00e8me original de murs de s\u00e9paration en b\u00e9ton [\/vc_column_text][\/vc_column][vc_column width=\u00a0\u00bb1\/12&Prime; css=\u00a0\u00bb.vc_custom_1449480178670{margin-top: -40px !important;padding-top: 17px !important;}\u00a0\u00bb][vc_column_text] [social class=\u00a0\u00bbsocial-icon [\u2026]\" \/>\n<meta property=\"og:url\" content=\"https:\/\/www.megabloc.de\/fr\/page-header\/\" \/>\n<meta property=\"og:site_name\" content=\"MEGABLOC\" \/>\n<meta property=\"article:modified_time\" content=\"2016-03-16T14:03:55+00:00\" \/>\n<meta property=\"og:image\" content=\"https:\/\/www.megabloc.de\/wp-content\/uploads\/2015\/09\/en.gif\" \/>\n<meta name=\"twitter:card\" content=\"summary_large_image\" \/>\n<meta name=\"twitter:label1\" content=\"Dur\u00e9e de lecture estim\u00e9e\" \/>\n\t<meta name=\"twitter:data1\" content=\"1 minute\" \/>\n<script type=\"application\/ld+json\" class=\"yoast-schema-graph\">{\"@context\":\"https:\\\/\\\/schema.org\",\"@graph\":[{\"@type\":\"WebPage\",\"@id\":\"https:\\\/\\\/www.megabloc.de\\\/fr\\\/page-header\\\/\",\"url\":\"https:\\\/\\\/www.megabloc.de\\\/fr\\\/page-header\\\/\",\"name\":\"Page Header - MEGABLOC\",\"isPartOf\":{\"@id\":\"https:\\\/\\\/www.megabloc.de\\\/fr\\\/#website\"},\"primaryImageOfPage\":{\"@id\":\"https:\\\/\\\/www.megabloc.de\\\/fr\\\/page-header\\\/#primaryimage\"},\"image\":{\"@id\":\"https:\\\/\\\/www.megabloc.de\\\/fr\\\/page-header\\\/#primaryimage\"},\"thumbnailUrl\":\"https:\\\/\\\/www.megabloc.de\\\/wp-content\\\/uploads\\\/2015\\\/09\\\/en.gif\",\"datePublished\":\"2016-02-08T09:39:05+00:00\",\"dateModified\":\"2016-03-16T14:03:55+00:00\",\"breadcrumb\":{\"@id\":\"https:\\\/\\\/www.megabloc.de\\\/fr\\\/page-header\\\/#breadcrumb\"},\"inLanguage\":\"fr-FR\",\"potentialAction\":[{\"@type\":\"ReadAction\",\"target\":[\"https:\\\/\\\/www.megabloc.de\\\/fr\\\/page-header\\\/\"]}]},{\"@type\":\"ImageObject\",\"inLanguage\":\"fr-FR\",\"@id\":\"https:\\\/\\\/www.megabloc.de\\\/fr\\\/page-header\\\/#primaryimage\",\"url\":\"https:\\\/\\\/www.megabloc.de\\\/wp-content\\\/uploads\\\/2015\\\/09\\\/en.gif\",\"contentUrl\":\"https:\\\/\\\/www.megabloc.de\\\/wp-content\\\/uploads\\\/2015\\\/09\\\/en.gif\"},{\"@type\":\"BreadcrumbList\",\"@id\":\"https:\\\/\\\/www.megabloc.de\\\/fr\\\/page-header\\\/#breadcrumb\",\"itemListElement\":[{\"@type\":\"ListItem\",\"position\":1,\"name\":\"Home\",\"item\":\"https:\\\/\\\/www.megabloc.de\\\/fr\\\/\"},{\"@type\":\"ListItem\",\"position\":2,\"name\":\"Page Header\"}]},{\"@type\":\"WebSite\",\"@id\":\"https:\\\/\\\/www.megabloc.de\\\/fr\\\/#website\",\"url\":\"https:\\\/\\\/www.megabloc.de\\\/fr\\\/\",\"name\":\"MEGABLOC\",\"description\":\"BLOCS B\u00c9TON EMPILABLES: L'ORIGINAL\",\"potentialAction\":[{\"@type\":\"SearchAction\",\"target\":{\"@type\":\"EntryPoint\",\"urlTemplate\":\"https:\\\/\\\/www.megabloc.de\\\/fr\\\/?s={search_term_string}\"},\"query-input\":{\"@type\":\"PropertyValueSpecification\",\"valueRequired\":true,\"valueName\":\"search_term_string\"}}],\"inLanguage\":\"fr-FR\"}]}<\/script>\n<!-- \/ Yoast SEO plugin. -->","yoast_head_json":{"title":"Page Header - MEGABLOC","robots":{"index":"index","follow":"follow","max-snippet":"max-snippet:-1","max-image-preview":"max-image-preview:large","max-video-preview":"max-video-preview:-1"},"canonical":"https:\/\/www.megabloc.de\/fr\/page-header\/","og_locale":"fr_FR","og_type":"article","og_title":"Page Header - MEGABLOC","og_description":"[vc_row row_id=\u00a0\u00bbheader-row\u00a0\u00bb el_class=\u00a0\u00bbheader-row header-1&Prime;][vc_column width=\u00a0\u00bb2\/12&Prime;][st_logo source_img=\u00a0\u00bbst_logo\u00a0\u00bb logo_img=\u00a0\u00bb742&Prime;][\/vc_column][vc_column width=\u00a0\u00bb7\/12&Prime;][vc_column_text] Le syst\u00e8me original de murs de s\u00e9paration en b\u00e9ton [\/vc_column_text][\/vc_column][vc_column width=\u00a0\u00bb1\/12&Prime; css=\u00a0\u00bb.vc_custom_1449480178670{margin-top: -40px !important;padding-top: 17px !important;}\u00a0\u00bb][vc_column_text] [social class=\u00a0\u00bbsocial-icon [\u2026]","og_url":"https:\/\/www.megabloc.de\/fr\/page-header\/","og_site_name":"MEGABLOC","article_modified_time":"2016-03-16T14:03:55+00:00","og_image":[{"url":"https:\/\/www.megabloc.de\/wp-content\/uploads\/2015\/09\/en.gif","type":"","width":"","height":""}],"twitter_card":"summary_large_image","twitter_misc":{"Dur\u00e9e de lecture estim\u00e9e":"1 minute"},"schema":{"@context":"https:\/\/schema.org","@graph":[{"@type":"WebPage","@id":"https:\/\/www.megabloc.de\/fr\/page-header\/","url":"https:\/\/www.megabloc.de\/fr\/page-header\/","name":"Page Header - MEGABLOC","isPartOf":{"@id":"https:\/\/www.megabloc.de\/fr\/#website"},"primaryImageOfPage":{"@id":"https:\/\/www.megabloc.de\/fr\/page-header\/#primaryimage"},"image":{"@id":"https:\/\/www.megabloc.de\/fr\/page-header\/#primaryimage"},"thumbnailUrl":"https:\/\/www.megabloc.de\/wp-content\/uploads\/2015\/09\/en.gif","datePublished":"2016-02-08T09:39:05+00:00","dateModified":"2016-03-16T14:03:55+00:00","breadcrumb":{"@id":"https:\/\/www.megabloc.de\/fr\/page-header\/#breadcrumb"},"inLanguage":"fr-FR","potentialAction":[{"@type":"ReadAction","target":["https:\/\/www.megabloc.de\/fr\/page-header\/"]}]},{"@type":"ImageObject","inLanguage":"fr-FR","@id":"https:\/\/www.megabloc.de\/fr\/page-header\/#primaryimage","url":"https:\/\/www.megabloc.de\/wp-content\/uploads\/2015\/09\/en.gif","contentUrl":"https:\/\/www.megabloc.de\/wp-content\/uploads\/2015\/09\/en.gif"},{"@type":"BreadcrumbList","@id":"https:\/\/www.megabloc.de\/fr\/page-header\/#breadcrumb","itemListElement":[{"@type":"ListItem","position":1,"name":"Home","item":"https:\/\/www.megabloc.de\/fr\/"},{"@type":"ListItem","position":2,"name":"Page Header"}]},{"@type":"WebSite","@id":"https:\/\/www.megabloc.de\/fr\/#website","url":"https:\/\/www.megabloc.de\/fr\/","name":"MEGABLOC","description":"BLOCS B\u00c9TON EMPILABLES: L'ORIGINAL","potentialAction":[{"@type":"SearchAction","target":{"@type":"EntryPoint","urlTemplate":"https:\/\/www.megabloc.de\/fr\/?s={search_term_string}"},"query-input":{"@type":"PropertyValueSpecification","valueRequired":true,"valueName":"search_term_string"}}],"inLanguage":"fr-FR"}]}},"_links":{"self":[{"href":"https:\/\/www.megabloc.de\/fr\/wp-json\/wp\/v2\/pages\/3136","targetHints":{"allow":["GET"]}}],"collection":[{"href":"https:\/\/www.megabloc.de\/fr\/wp-json\/wp\/v2\/pages"}],"about":[{"href":"https:\/\/www.megabloc.de\/fr\/wp-json\/wp\/v2\/types\/page"}],"author":[{"embeddable":true,"href":"https:\/\/www.megabloc.de\/fr\/wp-json\/wp\/v2\/users\/3"}],"replies":[{"embeddable":true,"href":"https:\/\/www.megabloc.de\/fr\/wp-json\/wp\/v2\/comments?post=3136"}],"version-history":[{"count":3,"href":"https:\/\/www.megabloc.de\/fr\/wp-json\/wp\/v2\/pages\/3136\/revisions"}],"predecessor-version":[{"id":3559,"href":"https:\/\/www.megabloc.de\/fr\/wp-json\/wp\/v2\/pages\/3136\/revisions\/3559"}],"wp:attachment":[{"href":"https:\/\/www.megabloc.de\/fr\/wp-json\/wp\/v2\/media?parent=3136"}],"curies":[{"name":"wp","href":"https:\/\/api.w.org\/{rel}","templated":true}]}}