{"id":6822,"date":"2025-12-05T10:20:28","date_gmt":"2025-12-05T09:20:28","guid":{"rendered":"https:\/\/www.megabloc.de\/?page_id=6822"},"modified":"2025-12-10T09:50:56","modified_gmt":"2025-12-10T08:50:56","slug":"bloc-der-terreur","status":"publish","type":"page","link":"https:\/\/www.megabloc.de\/fr\/domaines-dutilisation-application\/bloc-der-terreur\/","title":{"rendered":"protection anti-terroriste"},"content":{"rendered":"<div class=\"wpb-content-wrapper\"><p>[vc_row][vc_column][vc_column_text css=\u00a0\u00bb\u00a0\u00bb]<\/p>\n<div class=\"container-textbox4 wider\">\n<h2>La barri\u00e8re en b\u00e9ton &#8211; M\u00c9GABLOCAGE<\/h2>\n<h3>plus de s\u00e9curit\u00e9 avec MEGABLOC<\/h3>\n<p>Lors d&rsquo;un festival, d&rsquo;\u00e9v\u00e9nements majeurs, d&rsquo;une f\u00eate de rue ou sur la place du march\u00e9 &#8211; le MEGABLOC ne c\u00e8de pas rapidement.<\/p>\n<p>Avec les blocs de s\u00e9curit\u00e9 MEGABLOC &#8211; massifs et en b\u00e9ton de haute qualit\u00e9 &#8211; vous pouvez s\u00e9curiser votre espace facilement et rapidement. Les voies d&rsquo;acc\u00e8s ou les rues peuvent ainsi \u00eatre bloqu\u00e9es au sens propre du terme.<\/p>\n<p>En tr\u00e8s peu de temps, placez le bloc \u00e0 l&rsquo;endroit o\u00f9 vous souhaitez emp\u00eacher le passage \u00e0 l&rsquo;aide d&rsquo;un chariot \u00e9l\u00e9vateur ou d&rsquo;un autre engin de levage.<\/p>\n<p>S\u00e9curisez votre espace.<\/p>\n<p>Qu&rsquo;il s&rsquo;agisse d&rsquo;un seul bloc de b\u00e9ton pesant presque 2 tonnes, ou de plusieurs blocs empil\u00e9s<br \/>\nou \u00e9galement de plusieurs blocs empil\u00e9s comme un petit mur &#8211; profondeur de 60 ou 40 cm<\/p>\n<ul>\n<li>MEGABLOC disponible \u00e9galement avec des passages pour chariot \u00e9l\u00e9vateur<\/li>\n<li>Transport rapide et simple, d\u00e9plac\u00e9 avec un engin de levage appropri\u00e9 &#8211; chargeuse sur roues ou chariot \u00e9l\u00e9vateur<\/li>\n<\/ul>\n<\/div>\n<p>[\/vc_column_text][\/vc_column][\/vc_row][vc_row][vc_column][vc_gallery type=\u00a0\u00bbimage_grid\u00a0\u00bb images=\u00a0\u00bb6846,6842,6838,6736,6731,6726&Prime; img_size=\u00a0\u00bb300&#215;200&Prime; css=\u00a0\u00bb\u00a0\u00bb][\/vc_column][\/vc_row]<\/p>\n<\/div>","protected":false},"excerpt":{"rendered":"<p>[vc_row][vc_column][vc_column_text css=\u00a0\u00bb\u00a0\u00bb] La barri\u00e8re en b\u00e9ton &#8211; M\u00c9GABLOCAGE plus de s\u00e9curit\u00e9 avec MEGABLOC Lors d&rsquo;un festival, d&rsquo;\u00e9v\u00e9nements majeurs, d&rsquo;une f\u00eate de rue ou sur la place<span class=\"excerpt-hellip\"> [\u2026]<\/span><\/p>\n","protected":false},"author":1,"featured_media":0,"parent":2971,"menu_order":0,"comment_status":"closed","ping_status":"closed","template":"","meta":{"footnotes":""},"class_list":["post-6822","page","type-page","status-publish","hentry"],"yoast_head":"<!-- This site is optimized with the Yoast SEO plugin v27.4 - https:\/\/yoast.com\/product\/yoast-seo-wordpress\/ -->\n<title>protection anti-terroriste - MEGABLOC<\/title>\n<meta name=\"robots\" content=\"index, follow, max-snippet:-1, max-image-preview:large, max-video-preview:-1\" \/>\n<link rel=\"canonical\" href=\"https:\/\/www.megabloc.de\/fr\/domaines-dutilisation-application\/bloc-der-terreur\/\" \/>\n<meta property=\"og:locale\" content=\"fr_FR\" \/>\n<meta property=\"og:type\" content=\"article\" \/>\n<meta property=\"og:title\" content=\"protection anti-terroriste - MEGABLOC\" \/>\n<meta property=\"og:description\" content=\"[vc_row][vc_column][vc_column_text css=\u00a0\u00bb\u00a0\u00bb] La barri\u00e8re en b\u00e9ton &#8211; M\u00c9GABLOCAGE plus de s\u00e9curit\u00e9 avec MEGABLOC Lors d&rsquo;un festival, d&rsquo;\u00e9v\u00e9nements majeurs, d&rsquo;une f\u00eate de rue ou sur la place [\u2026]\" \/>\n<meta property=\"og:url\" content=\"https:\/\/www.megabloc.de\/fr\/domaines-dutilisation-application\/bloc-der-terreur\/\" \/>\n<meta property=\"og:site_name\" content=\"MEGABLOC\" \/>\n<meta property=\"article:modified_time\" content=\"2025-12-10T08:50:56+00:00\" \/>\n<meta name=\"twitter:card\" content=\"summary_large_image\" \/>\n<meta name=\"twitter:label1\" content=\"Dur\u00e9e de lecture estim\u00e9e\" \/>\n\t<meta name=\"twitter:data1\" content=\"3 minutes\" \/>\n<script type=\"application\/ld+json\" class=\"yoast-schema-graph\">{\"@context\":\"https:\\\/\\\/schema.org\",\"@graph\":[{\"@type\":\"WebPage\",\"@id\":\"https:\\\/\\\/www.megabloc.de\\\/fr\\\/domaines-dutilisation-application\\\/bloc-der-terreur\\\/\",\"url\":\"https:\\\/\\\/www.megabloc.de\\\/fr\\\/domaines-dutilisation-application\\\/bloc-der-terreur\\\/\",\"name\":\"protection anti-terroriste - MEGABLOC\",\"isPartOf\":{\"@id\":\"https:\\\/\\\/www.megabloc.de\\\/fr\\\/#website\"},\"datePublished\":\"2025-12-05T09:20:28+00:00\",\"dateModified\":\"2025-12-10T08:50:56+00:00\",\"breadcrumb\":{\"@id\":\"https:\\\/\\\/www.megabloc.de\\\/fr\\\/domaines-dutilisation-application\\\/bloc-der-terreur\\\/#breadcrumb\"},\"inLanguage\":\"fr-FR\",\"potentialAction\":[{\"@type\":\"ReadAction\",\"target\":[\"https:\\\/\\\/www.megabloc.de\\\/fr\\\/domaines-dutilisation-application\\\/bloc-der-terreur\\\/\"]}]},{\"@type\":\"BreadcrumbList\",\"@id\":\"https:\\\/\\\/www.megabloc.de\\\/fr\\\/domaines-dutilisation-application\\\/bloc-der-terreur\\\/#breadcrumb\",\"itemListElement\":[{\"@type\":\"ListItem\",\"position\":1,\"name\":\"Home\",\"item\":\"https:\\\/\\\/www.megabloc.de\\\/fr\\\/\"},{\"@type\":\"ListItem\",\"position\":2,\"name\":\"Applications par domaines\",\"item\":\"https:\\\/\\\/www.megabloc.de\\\/fr\\\/domaines-dutilisation-application\\\/\"},{\"@type\":\"ListItem\",\"position\":3,\"name\":\"protection anti-terroriste\"}]},{\"@type\":\"WebSite\",\"@id\":\"https:\\\/\\\/www.megabloc.de\\\/fr\\\/#website\",\"url\":\"https:\\\/\\\/www.megabloc.de\\\/fr\\\/\",\"name\":\"MEGABLOC\",\"description\":\"BLOCS B\u00c9TON EMPILABLES: L'ORIGINAL\",\"potentialAction\":[{\"@type\":\"SearchAction\",\"target\":{\"@type\":\"EntryPoint\",\"urlTemplate\":\"https:\\\/\\\/www.megabloc.de\\\/fr\\\/?s={search_term_string}\"},\"query-input\":{\"@type\":\"PropertyValueSpecification\",\"valueRequired\":true,\"valueName\":\"search_term_string\"}}],\"inLanguage\":\"fr-FR\"}]}<\/script>\n<!-- \/ Yoast SEO plugin. -->","yoast_head_json":{"title":"protection anti-terroriste - MEGABLOC","robots":{"index":"index","follow":"follow","max-snippet":"max-snippet:-1","max-image-preview":"max-image-preview:large","max-video-preview":"max-video-preview:-1"},"canonical":"https:\/\/www.megabloc.de\/fr\/domaines-dutilisation-application\/bloc-der-terreur\/","og_locale":"fr_FR","og_type":"article","og_title":"protection anti-terroriste - MEGABLOC","og_description":"[vc_row][vc_column][vc_column_text css=\u00a0\u00bb\u00a0\u00bb] La barri\u00e8re en b\u00e9ton &#8211; M\u00c9GABLOCAGE plus de s\u00e9curit\u00e9 avec MEGABLOC Lors d&rsquo;un festival, d&rsquo;\u00e9v\u00e9nements majeurs, d&rsquo;une f\u00eate de rue ou sur la place [\u2026]","og_url":"https:\/\/www.megabloc.de\/fr\/domaines-dutilisation-application\/bloc-der-terreur\/","og_site_name":"MEGABLOC","article_modified_time":"2025-12-10T08:50:56+00:00","twitter_card":"summary_large_image","twitter_misc":{"Dur\u00e9e de lecture estim\u00e9e":"3 minutes"},"schema":{"@context":"https:\/\/schema.org","@graph":[{"@type":"WebPage","@id":"https:\/\/www.megabloc.de\/fr\/domaines-dutilisation-application\/bloc-der-terreur\/","url":"https:\/\/www.megabloc.de\/fr\/domaines-dutilisation-application\/bloc-der-terreur\/","name":"protection anti-terroriste - MEGABLOC","isPartOf":{"@id":"https:\/\/www.megabloc.de\/fr\/#website"},"datePublished":"2025-12-05T09:20:28+00:00","dateModified":"2025-12-10T08:50:56+00:00","breadcrumb":{"@id":"https:\/\/www.megabloc.de\/fr\/domaines-dutilisation-application\/bloc-der-terreur\/#breadcrumb"},"inLanguage":"fr-FR","potentialAction":[{"@type":"ReadAction","target":["https:\/\/www.megabloc.de\/fr\/domaines-dutilisation-application\/bloc-der-terreur\/"]}]},{"@type":"BreadcrumbList","@id":"https:\/\/www.megabloc.de\/fr\/domaines-dutilisation-application\/bloc-der-terreur\/#breadcrumb","itemListElement":[{"@type":"ListItem","position":1,"name":"Home","item":"https:\/\/www.megabloc.de\/fr\/"},{"@type":"ListItem","position":2,"name":"Applications par domaines","item":"https:\/\/www.megabloc.de\/fr\/domaines-dutilisation-application\/"},{"@type":"ListItem","position":3,"name":"protection anti-terroriste"}]},{"@type":"WebSite","@id":"https:\/\/www.megabloc.de\/fr\/#website","url":"https:\/\/www.megabloc.de\/fr\/","name":"MEGABLOC","description":"BLOCS B\u00c9TON EMPILABLES: L'ORIGINAL","potentialAction":[{"@type":"SearchAction","target":{"@type":"EntryPoint","urlTemplate":"https:\/\/www.megabloc.de\/fr\/?s={search_term_string}"},"query-input":{"@type":"PropertyValueSpecification","valueRequired":true,"valueName":"search_term_string"}}],"inLanguage":"fr-FR"}]}},"_links":{"self":[{"href":"https:\/\/www.megabloc.de\/fr\/wp-json\/wp\/v2\/pages\/6822","targetHints":{"allow":["GET"]}}],"collection":[{"href":"https:\/\/www.megabloc.de\/fr\/wp-json\/wp\/v2\/pages"}],"about":[{"href":"https:\/\/www.megabloc.de\/fr\/wp-json\/wp\/v2\/types\/page"}],"author":[{"embeddable":true,"href":"https:\/\/www.megabloc.de\/fr\/wp-json\/wp\/v2\/users\/1"}],"replies":[{"embeddable":true,"href":"https:\/\/www.megabloc.de\/fr\/wp-json\/wp\/v2\/comments?post=6822"}],"version-history":[{"count":6,"href":"https:\/\/www.megabloc.de\/fr\/wp-json\/wp\/v2\/pages\/6822\/revisions"}],"predecessor-version":[{"id":6856,"href":"https:\/\/www.megabloc.de\/fr\/wp-json\/wp\/v2\/pages\/6822\/revisions\/6856"}],"up":[{"embeddable":true,"href":"https:\/\/www.megabloc.de\/fr\/wp-json\/wp\/v2\/pages\/2971"}],"wp:attachment":[{"href":"https:\/\/www.megabloc.de\/fr\/wp-json\/wp\/v2\/media?parent=6822"}],"curies":[{"name":"wp","href":"https:\/\/api.w.org\/{rel}","templated":true}]}}