{"id":2492,"date":"2015-04-30T18:13:08","date_gmt":"2015-04-30T16:13:08","guid":{"rendered":"http:\/\/www.megabloc.de\/produkte\/megabloc-60-cm-breit\/serie-mb-super\/"},"modified":"2025-02-24T11:26:13","modified_gmt":"2025-02-24T10:26:13","slug":"serie-mb-super","status":"publish","type":"page","link":"https:\/\/www.megabloc.de\/it\/produkte\/megabloc-60-cm-breit\/serie-mb-super\/","title":{"rendered":"Serie MB Super"},"content":{"rendered":"<div class=\"wpb-content-wrapper\"><p>[vc_row][vc_column width=&#8221;1\/2&#8243;][vc_column_text]<\/p>\n<h2>MB Super 255 und MB Super 127<\/h2>\n<p>Stark f\u00fcr alle Anwendungen &#8211; der Basisbloc in 255 und 127 cm L\u00e4nge.<br \/>\nIdeal f\u00fcr die Einbindung \u00fcber Eck &#8211; Typ MB Super 255 KN<\/p>\n<ul>\n<li>Betonfeder an der Blockoberseite<\/li>\n<li>Feuerverzinkte Aufh\u00e4ngeb\u00fcgel<\/li>\n<li>Durchgehende L\u00e4ngsnut an der Blockunterseite<\/li>\n<\/ul>\n<h3>Abmessungen:<\/h3>\n<p>L\u00a0= 2550 bzw. 1275 mm<br \/>\nB\u00a0= 600 mm<br \/>\nH = 550 mm<\/p>\n<h3>Gewicht:<\/h3>\n<p>2000 kg bzw. 1000 kg[\/vc_column_text][\/vc_column][vc_column width=&#8221;1\/2&#8243;][vc_gallery type=&#8221;image_grid&#8221; images=&#8221;5034&#8243; img_size=&#8221;300&#215;200&#8243;][\/vc_column][\/vc_row][vc_row css=&#8221;.vc_custom_1432215301980{margin-top: 40px !important;margin-bottom: 40px !important;}&#8221;][vc_column][vc_separator style=&#8221;dashed&#8221;][\/vc_column][\/vc_row][vc_row][vc_column width=&#8221;1\/2&#8243;][vc_column_text]<\/p>\n<h2>MB Super 255 KN<\/h2>\n<p>Perfekt im Eckverbund durch zus\u00e4tzliche Quernut<\/p>\n<ul>\n<li>Betonfeder an der Blockoberseite<\/li>\n<li>Feuerverzinkte Aufh\u00e4ngeb\u00fcgel<\/li>\n<li>Durchgehende L\u00e4ngsnut an der Blockunterseite<\/li>\n<li>Zus\u00e4tzliche Quernut<\/li>\n<\/ul>\n<h3>Abmessungen:<\/h3>\n<p>L = 2550 mm<br \/>\nB = 600 mm<br \/>\nH = 550 mm<\/p>\n<h3>Gewicht:<\/h3>\n<p>2000 kg\u00a0[\/vc_column_text][\/vc_column][vc_column width=&#8221;1\/2&#8243;][vc_gallery type=&#8221;image_grid&#8221; images=&#8221;5025,5085&#8243; img_size=&#8221;300&#215;200&#8243;][\/vc_column][\/vc_row][vc_row css=&#8221;.vc_custom_1432215301980{margin-top: 40px !important;margin-bottom: 40px !important;}&#8221;][vc_column][vc_separator style=&#8221;dashed&#8221;][\/vc_column][\/vc_row][vc_row][vc_column width=&#8221;1\/2&#8243;][vc_column_text]<\/p>\n<h2>MB Super 195 und MB Super 187<\/h2>\n<p>Ausgleichsblock mit 195 cm bzw. 187 cm, wenn \u00fcber die<br \/>\nEcken eingebunden wird<\/p>\n<ul>\n<li>Betonfeder an der Blockoberseite<\/li>\n<li>Feuerverzinkte Aufh\u00e4ngeb\u00fcgel<\/li>\n<li>Durchgehende L\u00e4ngsnut an der Blockunterseite<\/li>\n<\/ul>\n<h3>Abmessungen:<\/h3>\n<p>L = 1950 mm bzw. 1875 mm<br \/>\nB = 600 mm<br \/>\nH = 550 mm<\/p>\n<h3>Gewicht:<\/h3>\n<p>1530 kg,\u00a0bzw. 1450 kg[\/vc_column_text][\/vc_column][vc_column width=&#8221;1\/2&#8243;][vc_gallery type=&#8221;image_grid&#8221; images=&#8221;5031&#8243; img_size=&#8221;300&#215;200&#8243;][\/vc_column][\/vc_row][vc_row css=&#8221;.vc_custom_1432215301980{margin-top: 40px !important;margin-bottom: 40px !important;}&#8221;][vc_column][vc_separator style=&#8221;dashed&#8221;][\/vc_column][\/vc_row][vc_row][vc_column width=&#8221;1\/2&#8243;][vc_column_text]<\/p>\n<h2>MB Super 60<\/h2>\n<p>Ausgleichsblock mit 60 cm, wenn \u00fcber die Ecken eingebunden wird<\/p>\n<ul>\n<li>Betonfeder an der Blockoberseite<\/li>\n<li>Feuerverzinkte Aufh\u00e4ngeb\u00fcgel<\/li>\n<li>Durchgehende L\u00e4ngsnut an der Blockunterseite<\/li>\n<\/ul>\n<h3>Abmessungen:<\/h3>\n<p>L = 600 mm<br \/>\nB = 600 mm<br \/>\nH = 550 mm<\/p>\n<h3>Gewicht:<\/h3>\n<p>470 kg[\/vc_column_text][\/vc_column][vc_column width=&#8221;1\/2&#8243;][vc_gallery type=&#8221;image_grid&#8221; images=&#8221;5028&#8243; img_size=&#8221;300&#215;200&#8243;][\/vc_column][\/vc_row][vc_row][vc_column][vc_separator][\/vc_column][\/vc_row][vc_row][vc_column][vc_column_text]<\/p>\n<p>Hier das technische Datenblatt zum Download.<\/p>\n<p>[\/vc_column_text][\/vc_column][\/vc_row][vc_row css=&#8221;.vc_custom_1441379855986{margin-top: -20px !important;}&#8221;][vc_column][vc_column_text css=&#8221;&#8221;]<a href=\"https:\/\/www.megabloc.de\/wp-content\/uploads\/2023\/05\/Typenblatt-MB-60.pdf\">MEGABLOC Typenblatt 60 cm breit (PDF 2.728 KB)<\/a>[\/vc_column_text][\/vc_column][\/vc_row]<\/p>\n<\/div>","protected":false},"excerpt":{"rendered":"<p>[vc_row][vc_column width=&#8221;1\/2&#8243;][vc_column_text] MB Super 255 und MB Super 127 Stark f\u00fcr alle Anwendungen &#8211; der Basisbloc in 255 und 127 cm L\u00e4nge. Ideal f\u00fcr die Einbindung<span class=\"excerpt-hellip\"> [\u2026]<\/span><\/p>\n","protected":false},"author":1,"featured_media":0,"parent":2485,"menu_order":0,"comment_status":"closed","ping_status":"open","template":"","meta":{"footnotes":""},"class_list":["post-2492","page","type-page","status-publish","hentry"],"yoast_head":"<!-- This site is optimized with the Yoast SEO plugin v27.5 - https:\/\/yoast.com\/product\/yoast-seo-wordpress\/ -->\n<title>Serie MB Super - Megabloc<\/title>\n<meta name=\"robots\" content=\"index, follow, max-snippet:-1, max-image-preview:large, max-video-preview:-1\" \/>\n<link rel=\"canonical\" href=\"https:\/\/www.megabloc.de\/it\/produkte\/megabloc-60-cm-breit\/serie-mb-super\/\" \/>\n<meta property=\"og:locale\" content=\"it_IT\" \/>\n<meta property=\"og:type\" content=\"article\" \/>\n<meta property=\"og:title\" content=\"Serie MB Super - Megabloc\" \/>\n<meta property=\"og:description\" content=\"[vc_row][vc_column width=&#8221;1\/2&#8243;][vc_column_text] MB Super 255 und MB Super 127 Stark f\u00fcr alle Anwendungen &#8211; der Basisbloc in 255 und 127 cm L\u00e4nge. Ideal f\u00fcr die Einbindung [\u2026]\" \/>\n<meta property=\"og:url\" content=\"https:\/\/www.megabloc.de\/it\/produkte\/megabloc-60-cm-breit\/serie-mb-super\/\" \/>\n<meta property=\"og:site_name\" content=\"Megabloc\" \/>\n<meta property=\"article:modified_time\" content=\"2025-02-24T10:26:13+00:00\" \/>\n<meta name=\"twitter:card\" content=\"summary_large_image\" \/>\n<meta name=\"twitter:label1\" content=\"Tempo di lettura stimato\" \/>\n\t<meta name=\"twitter:data1\" content=\"2 minuti\" \/>\n<script type=\"application\/ld+json\" class=\"yoast-schema-graph\">{\"@context\":\"https:\\\/\\\/schema.org\",\"@graph\":[{\"@type\":\"WebPage\",\"@id\":\"https:\\\/\\\/www.megabloc.de\\\/it\\\/produkte\\\/megabloc-60-cm-breit\\\/serie-mb-super\\\/\",\"url\":\"https:\\\/\\\/www.megabloc.de\\\/it\\\/produkte\\\/megabloc-60-cm-breit\\\/serie-mb-super\\\/\",\"name\":\"Serie MB Super - Megabloc\",\"isPartOf\":{\"@id\":\"https:\\\/\\\/www.megabloc.de\\\/it\\\/#website\"},\"datePublished\":\"2015-04-30T16:13:08+00:00\",\"dateModified\":\"2025-02-24T10:26:13+00:00\",\"breadcrumb\":{\"@id\":\"https:\\\/\\\/www.megabloc.de\\\/it\\\/produkte\\\/megabloc-60-cm-breit\\\/serie-mb-super\\\/#breadcrumb\"},\"inLanguage\":\"it-IT\",\"potentialAction\":[{\"@type\":\"ReadAction\",\"target\":[\"https:\\\/\\\/www.megabloc.de\\\/it\\\/produkte\\\/megabloc-60-cm-breit\\\/serie-mb-super\\\/\"]}]},{\"@type\":\"BreadcrumbList\",\"@id\":\"https:\\\/\\\/www.megabloc.de\\\/it\\\/produkte\\\/megabloc-60-cm-breit\\\/serie-mb-super\\\/#breadcrumb\",\"itemListElement\":[{\"@type\":\"ListItem\",\"position\":1,\"name\":\"Home\",\"item\":\"https:\\\/\\\/www.megabloc.de\\\/it\\\/\"},{\"@type\":\"ListItem\",\"position\":2,\"name\":\"Prodotti\",\"item\":\"https:\\\/\\\/www.megabloc.de\\\/it\\\/produkte\\\/\"},{\"@type\":\"ListItem\",\"position\":3,\"name\":\"Der Betonblock MEGABLOC 60 cm breit\",\"item\":\"https:\\\/\\\/www.megabloc.de\\\/it\\\/produkte\\\/megabloc-60-cm-breit\\\/\"},{\"@type\":\"ListItem\",\"position\":4,\"name\":\"Serie MB Super\"}]},{\"@type\":\"WebSite\",\"@id\":\"https:\\\/\\\/www.megabloc.de\\\/it\\\/#website\",\"url\":\"https:\\\/\\\/www.megabloc.de\\\/it\\\/\",\"name\":\"Megabloc\",\"description\":\"L\u2019ORIGINALE I BLOCCHI DI CALCESTRUZZO\",\"potentialAction\":[{\"@type\":\"SearchAction\",\"target\":{\"@type\":\"EntryPoint\",\"urlTemplate\":\"https:\\\/\\\/www.megabloc.de\\\/it\\\/?s={search_term_string}\"},\"query-input\":{\"@type\":\"PropertyValueSpecification\",\"valueRequired\":true,\"valueName\":\"search_term_string\"}}],\"inLanguage\":\"it-IT\"}]}<\/script>\n<!-- \/ Yoast SEO plugin. -->","yoast_head_json":{"title":"Serie MB Super - Megabloc","robots":{"index":"index","follow":"follow","max-snippet":"max-snippet:-1","max-image-preview":"max-image-preview:large","max-video-preview":"max-video-preview:-1"},"canonical":"https:\/\/www.megabloc.de\/it\/produkte\/megabloc-60-cm-breit\/serie-mb-super\/","og_locale":"it_IT","og_type":"article","og_title":"Serie MB Super - Megabloc","og_description":"[vc_row][vc_column width=&#8221;1\/2&#8243;][vc_column_text] MB Super 255 und MB Super 127 Stark f\u00fcr alle Anwendungen &#8211; der Basisbloc in 255 und 127 cm L\u00e4nge. Ideal f\u00fcr die Einbindung [\u2026]","og_url":"https:\/\/www.megabloc.de\/it\/produkte\/megabloc-60-cm-breit\/serie-mb-super\/","og_site_name":"Megabloc","article_modified_time":"2025-02-24T10:26:13+00:00","twitter_card":"summary_large_image","twitter_misc":{"Tempo di lettura stimato":"2 minuti"},"schema":{"@context":"https:\/\/schema.org","@graph":[{"@type":"WebPage","@id":"https:\/\/www.megabloc.de\/it\/produkte\/megabloc-60-cm-breit\/serie-mb-super\/","url":"https:\/\/www.megabloc.de\/it\/produkte\/megabloc-60-cm-breit\/serie-mb-super\/","name":"Serie MB Super - Megabloc","isPartOf":{"@id":"https:\/\/www.megabloc.de\/it\/#website"},"datePublished":"2015-04-30T16:13:08+00:00","dateModified":"2025-02-24T10:26:13+00:00","breadcrumb":{"@id":"https:\/\/www.megabloc.de\/it\/produkte\/megabloc-60-cm-breit\/serie-mb-super\/#breadcrumb"},"inLanguage":"it-IT","potentialAction":[{"@type":"ReadAction","target":["https:\/\/www.megabloc.de\/it\/produkte\/megabloc-60-cm-breit\/serie-mb-super\/"]}]},{"@type":"BreadcrumbList","@id":"https:\/\/www.megabloc.de\/it\/produkte\/megabloc-60-cm-breit\/serie-mb-super\/#breadcrumb","itemListElement":[{"@type":"ListItem","position":1,"name":"Home","item":"https:\/\/www.megabloc.de\/it\/"},{"@type":"ListItem","position":2,"name":"Prodotti","item":"https:\/\/www.megabloc.de\/it\/produkte\/"},{"@type":"ListItem","position":3,"name":"Der Betonblock MEGABLOC 60 cm breit","item":"https:\/\/www.megabloc.de\/it\/produkte\/megabloc-60-cm-breit\/"},{"@type":"ListItem","position":4,"name":"Serie MB Super"}]},{"@type":"WebSite","@id":"https:\/\/www.megabloc.de\/it\/#website","url":"https:\/\/www.megabloc.de\/it\/","name":"Megabloc","description":"L\u2019ORIGINALE I BLOCCHI DI CALCESTRUZZO","potentialAction":[{"@type":"SearchAction","target":{"@type":"EntryPoint","urlTemplate":"https:\/\/www.megabloc.de\/it\/?s={search_term_string}"},"query-input":{"@type":"PropertyValueSpecification","valueRequired":true,"valueName":"search_term_string"}}],"inLanguage":"it-IT"}]}},"_links":{"self":[{"href":"https:\/\/www.megabloc.de\/it\/wp-json\/wp\/v2\/pages\/2492","targetHints":{"allow":["GET"]}}],"collection":[{"href":"https:\/\/www.megabloc.de\/it\/wp-json\/wp\/v2\/pages"}],"about":[{"href":"https:\/\/www.megabloc.de\/it\/wp-json\/wp\/v2\/types\/page"}],"author":[{"embeddable":true,"href":"https:\/\/www.megabloc.de\/it\/wp-json\/wp\/v2\/users\/1"}],"replies":[{"embeddable":true,"href":"https:\/\/www.megabloc.de\/it\/wp-json\/wp\/v2\/comments?post=2492"}],"version-history":[{"count":10,"href":"https:\/\/www.megabloc.de\/it\/wp-json\/wp\/v2\/pages\/2492\/revisions"}],"predecessor-version":[{"id":6787,"href":"https:\/\/www.megabloc.de\/it\/wp-json\/wp\/v2\/pages\/2492\/revisions\/6787"}],"up":[{"embeddable":true,"href":"https:\/\/www.megabloc.de\/it\/wp-json\/wp\/v2\/pages\/2485"}],"wp:attachment":[{"href":"https:\/\/www.megabloc.de\/it\/wp-json\/wp\/v2\/media?parent=2492"}],"curies":[{"name":"wp","href":"https:\/\/api.w.org\/{rel}","templated":true}]}}