{"id":2612,"date":"2015-12-30T11:59:50","date_gmt":"2015-12-30T10:59:50","guid":{"rendered":"http:\/\/www.megabloc.de\/?page_id=2612"},"modified":"2017-04-12T13:07:14","modified_gmt":"2017-04-12T11:07:14","slug":"pareti-divisoria","status":"publish","type":"page","link":"https:\/\/www.megabloc.de\/it\/pareti-divisoria\/","title":{"rendered":"Muri per stoccaggio"},"content":{"rendered":"<div class=\"wpb-content-wrapper\"><p>[vc_row][vc_column][vc_column_text]<\/p>\n<h2><strong>Un&#8217;applicazione<\/strong> <strong>classica<\/strong><strong>: <\/strong><strong>pareti\u00a0per stoccaggio<\/strong><\/h2>\n<p>MEGABLOC \u00e8 la soluzione per la realizzazione di setti in cemento. I singoli blocchi di calcestruzzo possono essere rapidamente impilati. Questo pu\u00f2 essere fatto su un solido terreno piano in proprio o dalla nostra Squadra-Montaggio-MEGABLOC.\u00a0Massima stabilit\u00e0, la variabilit\u00e0 e l&#8217;efficienza per le societ\u00e0 di gestione dei rifiuti, enti locali, aziende con deposito di materiale sfuso di tutti i tipi&#8230;<\/p>\n<p>[\/vc_column_text][\/vc_column][\/vc_row][vc_row][vc_column width=&#8221;1\/1&#8243;][vc_gallery type=&#8221;image_grid&#8221; interval=&#8221;3&#8243; images=&#8221;1319,1320,1321,1322,1830,1230,1207,1737,1385&#8243; onclick=&#8221;link_image&#8221; custom_links_target=&#8221;_self&#8221; img_size=&#8221;300&#215;200&#8243;][\/vc_column][\/vc_row]<\/p>\n<\/div>","protected":false},"excerpt":{"rendered":"<p>[vc_row][vc_column][vc_column_text] Un&#8217;applicazione classica: pareti\u00a0per stoccaggio MEGABLOC \u00e8 la soluzione per la realizzazione di setti in cemento. I singoli blocchi di calcestruzzo possono essere rapidamente impilati. Questo<span class=\"excerpt-hellip\"> [\u2026]<\/span><\/p>\n","protected":false},"author":3,"featured_media":0,"parent":0,"menu_order":0,"comment_status":"open","ping_status":"open","template":"page-templates\/page-default.php","meta":{"footnotes":""},"class_list":["post-2612","page","type-page","status-publish","hentry"],"yoast_head":"<!-- This site is optimized with the Yoast SEO plugin v27.3 - https:\/\/yoast.com\/product\/yoast-seo-wordpress\/ -->\n<title>Muri per stoccaggio - Megabloc<\/title>\n<meta name=\"robots\" content=\"index, follow, max-snippet:-1, max-image-preview:large, max-video-preview:-1\" \/>\n<link rel=\"canonical\" href=\"https:\/\/www.megabloc.de\/it\/pareti-divisoria\/\" \/>\n<meta property=\"og:locale\" content=\"it_IT\" \/>\n<meta property=\"og:type\" content=\"article\" \/>\n<meta property=\"og:title\" content=\"Muri per stoccaggio - Megabloc\" \/>\n<meta property=\"og:description\" content=\"[vc_row][vc_column][vc_column_text] Un&#8217;applicazione classica: pareti\u00a0per stoccaggio MEGABLOC \u00e8 la soluzione per la realizzazione di setti in cemento. I singoli blocchi di calcestruzzo possono essere rapidamente impilati. Questo [\u2026]\" \/>\n<meta property=\"og:url\" content=\"https:\/\/www.megabloc.de\/it\/pareti-divisoria\/\" \/>\n<meta property=\"og:site_name\" content=\"Megabloc\" \/>\n<meta property=\"article:modified_time\" content=\"2017-04-12T11:07:14+00:00\" \/>\n<meta name=\"twitter:card\" content=\"summary_large_image\" \/>\n<meta name=\"twitter:label1\" content=\"Tempo di lettura stimato\" \/>\n\t<meta name=\"twitter:data1\" content=\"1 minuto\" \/>\n<script type=\"application\/ld+json\" class=\"yoast-schema-graph\">{\"@context\":\"https:\\\/\\\/schema.org\",\"@graph\":[{\"@type\":\"WebPage\",\"@id\":\"https:\\\/\\\/www.megabloc.de\\\/it\\\/pareti-divisoria\\\/\",\"url\":\"https:\\\/\\\/www.megabloc.de\\\/it\\\/pareti-divisoria\\\/\",\"name\":\"Muri per stoccaggio - Megabloc\",\"isPartOf\":{\"@id\":\"https:\\\/\\\/www.megabloc.de\\\/it\\\/#website\"},\"datePublished\":\"2015-12-30T10:59:50+00:00\",\"dateModified\":\"2017-04-12T11:07:14+00:00\",\"breadcrumb\":{\"@id\":\"https:\\\/\\\/www.megabloc.de\\\/it\\\/pareti-divisoria\\\/#breadcrumb\"},\"inLanguage\":\"it-IT\",\"potentialAction\":[{\"@type\":\"ReadAction\",\"target\":[\"https:\\\/\\\/www.megabloc.de\\\/it\\\/pareti-divisoria\\\/\"]}]},{\"@type\":\"BreadcrumbList\",\"@id\":\"https:\\\/\\\/www.megabloc.de\\\/it\\\/pareti-divisoria\\\/#breadcrumb\",\"itemListElement\":[{\"@type\":\"ListItem\",\"position\":1,\"name\":\"Home\",\"item\":\"https:\\\/\\\/www.megabloc.de\\\/it\\\/\"},{\"@type\":\"ListItem\",\"position\":2,\"name\":\"Muri per stoccaggio\"}]},{\"@type\":\"WebSite\",\"@id\":\"https:\\\/\\\/www.megabloc.de\\\/it\\\/#website\",\"url\":\"https:\\\/\\\/www.megabloc.de\\\/it\\\/\",\"name\":\"Megabloc\",\"description\":\"L\u2019ORIGINALE I BLOCCHI DI CALCESTRUZZO\",\"potentialAction\":[{\"@type\":\"SearchAction\",\"target\":{\"@type\":\"EntryPoint\",\"urlTemplate\":\"https:\\\/\\\/www.megabloc.de\\\/it\\\/?s={search_term_string}\"},\"query-input\":{\"@type\":\"PropertyValueSpecification\",\"valueRequired\":true,\"valueName\":\"search_term_string\"}}],\"inLanguage\":\"it-IT\"}]}<\/script>\n<!-- \/ Yoast SEO plugin. -->","yoast_head_json":{"title":"Muri per stoccaggio - Megabloc","robots":{"index":"index","follow":"follow","max-snippet":"max-snippet:-1","max-image-preview":"max-image-preview:large","max-video-preview":"max-video-preview:-1"},"canonical":"https:\/\/www.megabloc.de\/it\/pareti-divisoria\/","og_locale":"it_IT","og_type":"article","og_title":"Muri per stoccaggio - Megabloc","og_description":"[vc_row][vc_column][vc_column_text] Un&#8217;applicazione classica: pareti\u00a0per stoccaggio MEGABLOC \u00e8 la soluzione per la realizzazione di setti in cemento. I singoli blocchi di calcestruzzo possono essere rapidamente impilati. Questo [\u2026]","og_url":"https:\/\/www.megabloc.de\/it\/pareti-divisoria\/","og_site_name":"Megabloc","article_modified_time":"2017-04-12T11:07:14+00:00","twitter_card":"summary_large_image","twitter_misc":{"Tempo di lettura stimato":"1 minuto"},"schema":{"@context":"https:\/\/schema.org","@graph":[{"@type":"WebPage","@id":"https:\/\/www.megabloc.de\/it\/pareti-divisoria\/","url":"https:\/\/www.megabloc.de\/it\/pareti-divisoria\/","name":"Muri per stoccaggio - Megabloc","isPartOf":{"@id":"https:\/\/www.megabloc.de\/it\/#website"},"datePublished":"2015-12-30T10:59:50+00:00","dateModified":"2017-04-12T11:07:14+00:00","breadcrumb":{"@id":"https:\/\/www.megabloc.de\/it\/pareti-divisoria\/#breadcrumb"},"inLanguage":"it-IT","potentialAction":[{"@type":"ReadAction","target":["https:\/\/www.megabloc.de\/it\/pareti-divisoria\/"]}]},{"@type":"BreadcrumbList","@id":"https:\/\/www.megabloc.de\/it\/pareti-divisoria\/#breadcrumb","itemListElement":[{"@type":"ListItem","position":1,"name":"Home","item":"https:\/\/www.megabloc.de\/it\/"},{"@type":"ListItem","position":2,"name":"Muri per stoccaggio"}]},{"@type":"WebSite","@id":"https:\/\/www.megabloc.de\/it\/#website","url":"https:\/\/www.megabloc.de\/it\/","name":"Megabloc","description":"L\u2019ORIGINALE I BLOCCHI DI CALCESTRUZZO","potentialAction":[{"@type":"SearchAction","target":{"@type":"EntryPoint","urlTemplate":"https:\/\/www.megabloc.de\/it\/?s={search_term_string}"},"query-input":{"@type":"PropertyValueSpecification","valueRequired":true,"valueName":"search_term_string"}}],"inLanguage":"it-IT"}]}},"_links":{"self":[{"href":"https:\/\/www.megabloc.de\/it\/wp-json\/wp\/v2\/pages\/2612","targetHints":{"allow":["GET"]}}],"collection":[{"href":"https:\/\/www.megabloc.de\/it\/wp-json\/wp\/v2\/pages"}],"about":[{"href":"https:\/\/www.megabloc.de\/it\/wp-json\/wp\/v2\/types\/page"}],"author":[{"embeddable":true,"href":"https:\/\/www.megabloc.de\/it\/wp-json\/wp\/v2\/users\/3"}],"replies":[{"embeddable":true,"href":"https:\/\/www.megabloc.de\/it\/wp-json\/wp\/v2\/comments?post=2612"}],"version-history":[{"count":3,"href":"https:\/\/www.megabloc.de\/it\/wp-json\/wp\/v2\/pages\/2612\/revisions"}],"predecessor-version":[{"id":3913,"href":"https:\/\/www.megabloc.de\/it\/wp-json\/wp\/v2\/pages\/2612\/revisions\/3913"}],"wp:attachment":[{"href":"https:\/\/www.megabloc.de\/it\/wp-json\/wp\/v2\/media?parent=2612"}],"curies":[{"name":"wp","href":"https:\/\/api.w.org\/{rel}","templated":true}]}}